{"id":495,"date":"2025-08-07T02:19:04","date_gmt":"2025-08-07T02:19:04","guid":{"rendered":"https:\/\/ipsen.go-vip.net\/academy\/?page_id=495"},"modified":"2025-10-31T13:28:13","modified_gmt":"2025-10-31T13:28:13","slug":"politique-en-matiere-de-cookies","status":"publish","type":"page","link":"https:\/\/ipsen-academy.be\/fr\/politique-en-matiere-de-cookies\/","title":{"rendered":"Politique en mati\u00e8re de cookies\u00a0"},"content":{"rendered":"\n<section class=\"alignfull wp-block-ipsen-hero\">\n            <img\n            class=\"wp-block-ipsen-hero__image\"\n            src=\"https:\/\/ipsen-academy.be\/fr\/wp-content\/uploads\/sites\/11\/2025\/08\/imgi_18_Ipsen-Academy-backgrounds_Header-scaled-2.jpg\"\n            width=\"2560\"\n            height=\"855\"\n            style=\"object-position: 50% 50%\"\n            fetchpriority=\"high\"\n            decoding=\"async\"\n            alt=\"Waves9\"\n        \/>\n        <div class=\"wp-block-ipsen-hero__content\">\n        <div class=\"wp-block-ipsen-hero__content-inner\">\n            \n\n<div class=\"has-2-columns wp-block-ipsen-columns\">\n    \n\n<div class=\"wp-block-ipsen-wrapper\">\n    \n\n<h1 class=\"wp-block-heading\">Politique en mati\u00e8re de cookies\u00a0<\/h1>\n\n\n\n<p class=\"is-style-lead-paragraph\"><\/p>\n\n<\/div>\n\n\n\n<div class=\"wp-block-ipsen-wrapper\">\n    <\/div>\n\n<\/div>\n\n        <\/div>\n    <\/div>\n<\/section>\n\n\n<section class=\"full-width alignfull wp-block-ipsen-section\">\n    <div class=\"wp-block-ipsen-section__content\">\n        \n\n<p>La pr\u00e9sente politique en mati\u00e8re de cookies explique comment nous utilisons des cookies et des technologies similaires sur ce site web et comment vous pouvez contr\u00f4ler l\u2019utilisation de cookies facultatifs.<\/p>\n\n\n\n<p>Lorsque nous utilisons le terme \u201ccookies\u201d, nous faisons \u00e9galement r\u00e9f\u00e9rence \u00e0 des technologies similaires utilis\u00e9es sur nos sites web pour effectuer diff\u00e9rentes t\u00e2ches et suivre les activit\u00e9s.<\/p>\n\n\n\n<p><strong>Qu\u2019est-ce qu\u2019un cookie ?<\/strong><\/p>\n\n\n\n<p>Les cookies sont de petits fichiers texte contenant des identifiants d\u2019utilisateur qui sont plac\u00e9s sur votre ordinateur ou votre appareil lorsque vous visitez un site web. Les cookies sont stock\u00e9s par le navigateur internet, qui les renvoie au site web \u00e0 chaque nouvelle visite. Cela permet au site web de reconna\u00eetre votre ordinateur ou votre appareil, ce qui signifie que l\u2019op\u00e9rateur du site web peut observer votre activit\u00e9 sur le site afin de g\u00e9rer ou d\u2019am\u00e9liorer le site web, ou de fournir une approche plus personnalis\u00e9e.<\/p>\n\n\n\n<p>Les informations collect\u00e9es \u00e0 l\u2019aide des cookies ne permettent g\u00e9n\u00e9ralement pas de vous identifier directement. Cependant, certains cookies peuvent contenir des donn\u00e9es personnelles, telles que l\u2019adresse IP, la date et l\u2019heure de la visite sur le site web, le syst\u00e8me d\u2019exploitation, le navigateur et la mani\u00e8re dont l\u2019utilisateur acc\u00e8de au site web (voir l\u2019information sur la protection des donn\u00e9es \u00e0 caract\u00e8re personnel du site web pour plus d\u2019informations sur la mani\u00e8re dont nous traitons vos donn\u00e9es personnelles, vos droits et comment nous contacter).<\/p>\n\n\n\n<p><strong>Types de cookies<\/strong><\/p>\n\n\n\n<p>Les cookies peuvent \u00eatre des \u201ccookies de session\u201d ou des \u201ccookies persistants\u201d. Les cookies de session permettent \u00e0 un site web de lier une s\u00e9rie de vos actions au cours d\u2019une session de navigation, puis ils expirent apr\u00e8s cette session. Les cookies persistants restent sur votre ordinateur ou votre appareil entre les sessions, et peuvent \u00eatre utilis\u00e9s lorsque vous visitez \u00e0 nouveau ce site web pour effectuer certaines actions, comme se souvenir de vos pr\u00e9f\u00e9rences sur ce site web.<\/p>\n\n\n\n<p>Certains cookies sont consid\u00e9r\u00e9s comme strictement n\u00e9cessaires ; ces cookies sont utilis\u00e9s pour faciliter des t\u00e2ches essentielles sur le site web, comme aider les utilisateurs \u00e0 naviguer entre les pages de mani\u00e8re efficace et assurer le fonctionnement s\u00fbr et efficace du site web. D\u2019autres cookies sont utilis\u00e9s pour g\u00e9rer les performances et suivre l\u2019utilisation du site web. Ipsen utilise ces cookies sur ses sites web pour aider \u00e0 comprendre comment ses sites web sont utilis\u00e9s afin que de pouvoir continuellement les am\u00e9liorer et les d\u00e9velopper.<\/p>\n\n\n\n<p>Les cookies plac\u00e9s sur votre ordinateur ou votre appareil comprennent des cookies de \u201cinterne\u201d, c\u2019est-\u00e0-dire des cookies qui sont plac\u00e9s par Ipsen ou par des prestataires de services tiers agissant en notre nom. Lorsque ces cookies sont g\u00e9r\u00e9s par des tiers, nous n\u2019autorisons ces derniers \u00e0 les utiliser uniquement \u00e0 nos fins, telles que d\u00e9crites dans la pr\u00e9sente politique en mati\u00e8re de cookies, et non \u00e0 leurs propres fins.<\/p>\n\n\n\n<p>Les cookies plac\u00e9s sur votre ordinateur ou votre appareil peuvent \u00e9galement inclure des cookies \u201d tiers \u201c, c\u2019est-\u00e0-dire des cookies plac\u00e9s par des tiers. Ces cookies peuvent inclure des fournisseurs de r\u00e9seaux sociaux tiers qui proposent des fonctions \u201cJ\u2019aime\u201d ou \u201cPartager\u201d. Ils peuvent \u00e9galement inclure des tiers qui fournissent du contenu vid\u00e9o int\u00e9gr\u00e9 \u00e0 notre site web (comme YouTube). Veuillez consulter les conditions et politiques des sites web tiers pour de plus amples informations sur leur utilisation des cookies.<\/p>\n\n\n\n<p><strong>Quels sont les cookies utilis\u00e9s par ce site web ?<\/strong><\/p>\n\n\n\n<p>Ce site web utilise des cookies pour g\u00e9rer la navigation sur le site, ce qui est n\u00e9cessaire pour la fonctionnalit\u00e9 et la s\u00e9curit\u00e9 de l\u2019utilisateur.<\/p>\n\n\n\n<p><a>Nous<\/a>&nbsp;utilisons Piwik PRO Analytics Suite comme logiciel d\u2019analyse de site web. Cet outil nous permet de collecter des donn\u00e9es sur les visiteurs du site Web, sur la base des cookies. Les informations collect\u00e9es peuvent inclure l\u2019adresse IP du visiteur, le syst\u00e8me d\u2019exploitation, l\u2019identifiant du navigateur, l\u2019activit\u00e9 de navigation et d\u2019autres informations. Voir ce lien pour plus d\u2019informations sur l\u2019\u00e9tendue des donn\u00e9es collect\u00e9es par Piwik PRO.<\/p>\n\n\n\n<p>Nous calculons des mesures telles que le taux de rebond, les pages vues, les sessions et autres pour comprendre comment notre site Web est utilis\u00e9. Nous pouvons \u00e9galement cr\u00e9er des profils de visiteurs bas\u00e9s sur l\u2019historique de navigation afin d\u2019analyser le comportement des visiteurs, d\u2019afficher un contenu personnalis\u00e9 et de nous aider \u00e0 am\u00e9liorer notre site Web.<\/p>\n\n\n\n<p>Piwik PRO n\u2019envoie pas les donn\u00e9es vous concernant \u00e0 d\u2019autres sous-traitants ou tiers et ne les utilise pas \u00e0 ses propres fins. Pour plus d\u2019informations, lisez la politique de confidentialit\u00e9 de Piwik PRO.<\/p>\n\n\n\n<p><strong>Comment d\u00e9finir ou modifier les param\u00e8tres des cookies ?<\/strong><\/p>\n\n\n\n<p>En vertu de la directive europ\u00e9enne 2009\/136\/CE (et des lois locales sur la protection des donn\u00e9es relatives aux cookies), nous stockerons des cookies sur votre appareil s\u2019ils sont strictement n\u00e9cessaires ou si nous sommes autoris\u00e9s \u00e0 d\u00e9ployer les cookies sur la base des exigences de votre pays. Lorsque les cookies sont \u201cfacultatifs\u201d, nous ne les utiliserons que si vous y consentez.<\/p>\n\n\n\n<p>Vous aurez toujours le choix d\u2019accepter ou non les cookies \u201cfacultatifs\u201d. Lors de votre premi\u00e8re visite sur le site, des options de gestion des cookies vous seront propos\u00e9es. Vous pourrez accepter tous les cookies ou choisir ceux que vous souhaitez accepter ou refuser. Si vous refusez certains types de cookies, ceux-ci ne seront pas envoy\u00e9s \u00e0 votre appareil.<\/p>\n\n\n\n<p>Si vous souhaitez modifier vos choix en mati\u00e8re de cookies, vous pouvez cliquer&nbsp;<a>ici<\/a>&nbsp;:&nbsp;<strong>Cookies settings<\/strong><\/p>\n\n\n\n<p>Vous pouvez \u00e9galement contr\u00f4ler les cookies par l\u2019interm\u00e9diaire de la plupart des navigateurs web, dans les param\u00e8tres du navigateur. Vous pouvez choisir de bloquer ou de restreindre l\u2019installation de cookies sur votre ordinateur ou votre appareil. Vous pouvez \u00e9galement consulter les cookies qui y ont \u00e9t\u00e9 plac\u00e9s et les d\u00e9sactiver. Pour en savoir plus sur la gestion des cookies, consultez les sites web suivants : www.allaboutCookies.org et www.youronlinechoices.com.<\/p>\n\n\n\n<p><strong>Pendant combien de temps les informations recueillies par les cookies sont-elles conserv\u00e9es ?<\/strong><\/p>\n\n\n\n<p>Les cookies sont programm\u00e9s pour expirer lorsque les informations ne sont plus n\u00e9cessaires ou apr\u00e8s une p\u00e9riode maximale de 13 mois.<\/p>\n\n\n\n<p><strong>Que se passe-t-il lorsque je partage sur des plateformes de m\u00e9dias sociaux ?<\/strong><\/p>\n\n\n\n<p>Si vous \u201d partagez \u201d le contenu d\u2019Ipsen sur des r\u00e9seaux sociaux, tels que Facebook et Twitter, vous pouvez recevoir des cookies de ces sites web. Nous ne contr\u00f4lons pas la mise en place de ces cookies, veuillez donc consulter les sites web des tiers pour plus d\u2019informations sur la fa\u00e7on de les g\u00e9rer.<\/p>\n\n\n\n<p><strong>Modifications de la politique en mati\u00e8re de cookies<\/strong><\/p>\n\n\n\n<p>Pour suivre l\u2019\u00e9volution des lois et des pratiques recommand\u00e9es, nous pouvons \u00eatre amen\u00e9s \u00e0 modifier cette politique en mati\u00e8re de cookies de temps \u00e0 autre sans pr\u00e9avis. Nous vous invitons donc \u00e0 consulter r\u00e9guli\u00e8rement ce site web pour prendre connaissance de tout changement.<\/p>\n\n\n\n<hr class=\"wp-block-separator has-alpha-channel-opacity\"\/>\n\n\n\n<h2 class=\"wp-block-heading\">Derni\u00e8re mise \u00e0 jour, mai 2025<\/h2>\n\n    <\/div>\n<\/section>\n\n","protected":false},"excerpt":{"rendered":"","protected":false},"author":11,"featured_media":0,"parent":0,"menu_order":0,"comment_status":"closed","ping_status":"closed","template":"template-no-title","meta":{"_user_content_segmentation__post_segment_selection":[],"ipsen-approval-number":"","ipsen-post-related":[],"ipsen-off-label-enabled":false,"ipsen-off-label-message":"","editor_notices":[],"_ifac_restricted":false,"footnotes":""},"ipsen-author":[],"class_list":["post-495","page","type-page","status-publish","hentry"],"yoast_head":"<!-- This site is optimized with the Yoast SEO plugin v26.9 - https:\/\/yoast.com\/product\/yoast-seo-wordpress\/ -->\n<title>Politique en mati\u00e8re de cookies\u00a0 - Academy<\/title>\n<meta name=\"robots\" content=\"index, follow, max-snippet:-1, max-image-preview:large, max-video-preview:-1\" \/>\n<link rel=\"canonical\" href=\"https:\/\/ipsen-academy.be\/fr\/politique-en-matiere-de-cookies\/\" \/>\n<meta property=\"og:locale\" content=\"fr_FR\" \/>\n<meta property=\"og:type\" content=\"article\" \/>\n<meta property=\"og:title\" content=\"Politique en mati\u00e8re de cookies\u00a0 - Academy\" \/>\n<meta property=\"og:url\" content=\"https:\/\/ipsen-academy.be\/fr\/politique-en-matiere-de-cookies\/\" \/>\n<meta property=\"og:site_name\" content=\"Academy\" \/>\n<meta property=\"article:modified_time\" content=\"2025-10-31T13:28:13+00:00\" \/>\n<meta name=\"twitter:card\" content=\"summary_large_image\" \/>\n<meta name=\"twitter:label1\" content=\"Dur\u00e9e de lecture estim\u00e9e\" \/>\n\t<meta name=\"twitter:data1\" content=\"6 minutes\" \/>\n<script type=\"application\/ld+json\" class=\"yoast-schema-graph\">{\"@context\":\"https:\/\/schema.org\",\"@graph\":[{\"@type\":\"WebPage\",\"@id\":\"https:\/\/ipsen-academy.be\/fr\/politique-en-matiere-de-cookies\/\",\"url\":\"https:\/\/ipsen-academy.be\/fr\/politique-en-matiere-de-cookies\/\",\"name\":\"Politique en mati\u00e8re de cookies\u00a0 - Academy\",\"isPartOf\":{\"@id\":\"https:\/\/ipsen-academy.be\/fr\/#website\"},\"datePublished\":\"2025-08-07T02:19:04+00:00\",\"dateModified\":\"2025-10-31T13:28:13+00:00\",\"breadcrumb\":{\"@id\":\"https:\/\/ipsen-academy.be\/fr\/politique-en-matiere-de-cookies\/#breadcrumb\"},\"inLanguage\":\"fr-FR\",\"potentialAction\":[{\"@type\":\"ReadAction\",\"target\":[\"https:\/\/ipsen-academy.be\/fr\/politique-en-matiere-de-cookies\/\"]}]},{\"@type\":\"BreadcrumbList\",\"@id\":\"https:\/\/ipsen-academy.be\/fr\/politique-en-matiere-de-cookies\/#breadcrumb\",\"itemListElement\":[{\"@type\":\"ListItem\",\"position\":1,\"name\":\"Home\",\"item\":\"https:\/\/ipsen-academy.be\/fr\/\"},{\"@type\":\"ListItem\",\"position\":2,\"name\":\"Politique en mati\u00e8re de cookies\u00a0\"}]},{\"@type\":\"WebSite\",\"@id\":\"https:\/\/ipsen-academy.be\/fr\/#website\",\"url\":\"https:\/\/ipsen-academy.be\/fr\/\",\"name\":\"Academy\",\"description\":\"\",\"publisher\":{\"@id\":\"https:\/\/ipsen-academy.be\/fr\/#organization\"},\"potentialAction\":[{\"@type\":\"SearchAction\",\"target\":{\"@type\":\"EntryPoint\",\"urlTemplate\":\"https:\/\/ipsen-academy.be\/fr\/?s={search_term_string}\"},\"query-input\":{\"@type\":\"PropertyValueSpecification\",\"valueRequired\":true,\"valueName\":\"search_term_string\"}}],\"inLanguage\":\"fr-FR\"},{\"@type\":\"Organization\",\"@id\":\"https:\/\/ipsen-academy.be\/fr\/#organization\",\"name\":\"Academy\",\"url\":\"https:\/\/ipsen-academy.be\/fr\/\",\"logo\":{\"@type\":\"ImageObject\",\"inLanguage\":\"fr-FR\",\"@id\":\"https:\/\/ipsen-academy.be\/fr\/#\/schema\/logo\/image\/\",\"url\":\"https:\/\/ipsen-academy.be\/fr\/wp-content\/uploads\/sites\/11\/2025\/07\/Ipsen_academy-250305-2-3.png\",\"contentUrl\":\"https:\/\/ipsen-academy.be\/fr\/wp-content\/uploads\/sites\/11\/2025\/07\/Ipsen_academy-250305-2-3.png\",\"width\":670,\"height\":100,\"caption\":\"Academy\"},\"image\":{\"@id\":\"https:\/\/ipsen-academy.be\/fr\/#\/schema\/logo\/image\/\"}}]}<\/script>\n<!-- \/ Yoast SEO plugin. -->","yoast_head_json":{"title":"Politique en mati\u00e8re de cookies\u00a0 - Academy","robots":{"index":"index","follow":"follow","max-snippet":"max-snippet:-1","max-image-preview":"max-image-preview:large","max-video-preview":"max-video-preview:-1"},"canonical":"https:\/\/ipsen-academy.be\/fr\/politique-en-matiere-de-cookies\/","og_locale":"fr_FR","og_type":"article","og_title":"Politique en mati\u00e8re de cookies\u00a0 - Academy","og_url":"https:\/\/ipsen-academy.be\/fr\/politique-en-matiere-de-cookies\/","og_site_name":"Academy","article_modified_time":"2025-10-31T13:28:13+00:00","twitter_card":"summary_large_image","twitter_misc":{"Dur\u00e9e de lecture estim\u00e9e":"6 minutes"},"schema":{"@context":"https:\/\/schema.org","@graph":[{"@type":"WebPage","@id":"https:\/\/ipsen-academy.be\/fr\/politique-en-matiere-de-cookies\/","url":"https:\/\/ipsen-academy.be\/fr\/politique-en-matiere-de-cookies\/","name":"Politique en mati\u00e8re de cookies\u00a0 - Academy","isPartOf":{"@id":"https:\/\/ipsen-academy.be\/fr\/#website"},"datePublished":"2025-08-07T02:19:04+00:00","dateModified":"2025-10-31T13:28:13+00:00","breadcrumb":{"@id":"https:\/\/ipsen-academy.be\/fr\/politique-en-matiere-de-cookies\/#breadcrumb"},"inLanguage":"fr-FR","potentialAction":[{"@type":"ReadAction","target":["https:\/\/ipsen-academy.be\/fr\/politique-en-matiere-de-cookies\/"]}]},{"@type":"BreadcrumbList","@id":"https:\/\/ipsen-academy.be\/fr\/politique-en-matiere-de-cookies\/#breadcrumb","itemListElement":[{"@type":"ListItem","position":1,"name":"Home","item":"https:\/\/ipsen-academy.be\/fr\/"},{"@type":"ListItem","position":2,"name":"Politique en mati\u00e8re de cookies\u00a0"}]},{"@type":"WebSite","@id":"https:\/\/ipsen-academy.be\/fr\/#website","url":"https:\/\/ipsen-academy.be\/fr\/","name":"Academy","description":"","publisher":{"@id":"https:\/\/ipsen-academy.be\/fr\/#organization"},"potentialAction":[{"@type":"SearchAction","target":{"@type":"EntryPoint","urlTemplate":"https:\/\/ipsen-academy.be\/fr\/?s={search_term_string}"},"query-input":{"@type":"PropertyValueSpecification","valueRequired":true,"valueName":"search_term_string"}}],"inLanguage":"fr-FR"},{"@type":"Organization","@id":"https:\/\/ipsen-academy.be\/fr\/#organization","name":"Academy","url":"https:\/\/ipsen-academy.be\/fr\/","logo":{"@type":"ImageObject","inLanguage":"fr-FR","@id":"https:\/\/ipsen-academy.be\/fr\/#\/schema\/logo\/image\/","url":"https:\/\/ipsen-academy.be\/fr\/wp-content\/uploads\/sites\/11\/2025\/07\/Ipsen_academy-250305-2-3.png","contentUrl":"https:\/\/ipsen-academy.be\/fr\/wp-content\/uploads\/sites\/11\/2025\/07\/Ipsen_academy-250305-2-3.png","width":670,"height":100,"caption":"Academy"},"image":{"@id":"https:\/\/ipsen-academy.be\/fr\/#\/schema\/logo\/image\/"}}]}},"parsely":{"version":"1.1.0","canonical_url":"https:\/\/ipsen-academy.be\/fr\/politique-en-matiere-de-cookies\/","smart_links":{"inbound":0,"outbound":0},"traffic_boost_suggestions_count":0,"meta":{"@context":"https:\/\/schema.org","@type":"WebPage","headline":"Politique en mati\u00e8re de cookies\u00a0","url":"http:\/\/ipsen-academy.be\/fr\/politique-en-matiere-de-cookies\/","mainEntityOfPage":{"@type":"WebPage","@id":"http:\/\/ipsen-academy.be\/fr\/politique-en-matiere-de-cookies\/"},"thumbnailUrl":"","image":{"@type":"ImageObject","url":""},"articleSection":"Oncologie","author":[{"@type":"Person","name":"femvula"}],"creator":["femvula"],"publisher":{"@type":"Organization","name":"Academy","logo":""},"keywords":[],"dateCreated":"2025-08-07T02:19:04Z","datePublished":"2025-08-07T02:19:04Z","dateModified":"2025-10-31T13:28:13Z"},"rendered":"<script type=\"application\/ld+json\" class=\"wp-parsely-metadata\">{\"@context\":\"https:\\\/\\\/schema.org\",\"@type\":\"WebPage\",\"headline\":\"Politique en mati\\u00e8re de cookies\\u00a0\",\"url\":\"http:\\\/\\\/ipsen-academy.be\\\/fr\\\/politique-en-matiere-de-cookies\\\/\",\"mainEntityOfPage\":{\"@type\":\"WebPage\",\"@id\":\"http:\\\/\\\/ipsen-academy.be\\\/fr\\\/politique-en-matiere-de-cookies\\\/\"},\"thumbnailUrl\":\"\",\"image\":{\"@type\":\"ImageObject\",\"url\":\"\"},\"articleSection\":\"Oncologie\",\"author\":[{\"@type\":\"Person\",\"name\":\"femvula\"}],\"creator\":[\"femvula\"],\"publisher\":{\"@type\":\"Organization\",\"name\":\"Academy\",\"logo\":\"\"},\"keywords\":[],\"dateCreated\":\"2025-08-07T02:19:04Z\",\"datePublished\":\"2025-08-07T02:19:04Z\",\"dateModified\":\"2025-10-31T13:28:13Z\"}<\/script>","tracker_url":"https:\/\/cdn.parsely.com\/keys\/ipsen-academy.be\/p.js"},"_links":{"self":[{"href":"https:\/\/ipsen-academy.be\/fr\/wp-json\/wp\/v2\/pages\/495","targetHints":{"allow":["GET"]}}],"collection":[{"href":"https:\/\/ipsen-academy.be\/fr\/wp-json\/wp\/v2\/pages"}],"about":[{"href":"https:\/\/ipsen-academy.be\/fr\/wp-json\/wp\/v2\/types\/page"}],"author":[{"embeddable":true,"href":"https:\/\/ipsen-academy.be\/fr\/wp-json\/wp\/v2\/users\/11"}],"replies":[{"embeddable":true,"href":"https:\/\/ipsen-academy.be\/fr\/wp-json\/wp\/v2\/comments?post=495"}],"version-history":[{"count":4,"href":"https:\/\/ipsen-academy.be\/fr\/wp-json\/wp\/v2\/pages\/495\/revisions"}],"predecessor-version":[{"id":554,"href":"https:\/\/ipsen-academy.be\/fr\/wp-json\/wp\/v2\/pages\/495\/revisions\/554"}],"wp:attachment":[{"href":"https:\/\/ipsen-academy.be\/fr\/wp-json\/wp\/v2\/media?parent=495"}],"wp:term":[{"taxonomy":"ipsen-author","embeddable":true,"href":"https:\/\/ipsen-academy.be\/fr\/wp-json\/wp\/v2\/ipsen-author?post=495"}],"curies":[{"name":"wp","href":"https:\/\/api.w.org\/{rel}","templated":true}]}}