{"id":489,"date":"2025-08-07T02:05:03","date_gmt":"2025-08-07T02:05:03","guid":{"rendered":"https:\/\/ipsen.go-vip.net\/academy\/?page_id=489"},"modified":"2025-10-31T13:29:21","modified_gmt":"2025-10-31T13:29:21","slug":"politique-de-confidentialite","status":"publish","type":"page","link":"https:\/\/ipsen-academy.be\/fr\/politique-de-confidentialite\/","title":{"rendered":"Note d&rsquo;information sur la protection des donn\u00e9es \u00e0 caract\u00e8re personnel"},"content":{"rendered":"\n<section class=\"alignfull wp-block-ipsen-hero\">\n            <img\n            class=\"wp-block-ipsen-hero__image\"\n            src=\"https:\/\/ipsen-academy.be\/fr\/wp-content\/uploads\/sites\/11\/2025\/08\/imgi_18_Ipsen-Academy-backgrounds_Header-scaled-2.jpg\"\n            width=\"2560\"\n            height=\"855\"\n            style=\"object-position: 50% 50%\"\n            fetchpriority=\"high\"\n            decoding=\"async\"\n            alt=\"Waves9\"\n        \/>\n        <div class=\"wp-block-ipsen-hero__content\">\n        <div class=\"wp-block-ipsen-hero__content-inner\">\n            \n\n<div class=\"has-2-columns wp-block-ipsen-columns\">\n    \n\n<div class=\"wp-block-ipsen-wrapper\">\n    \n\n<h1 class=\"wp-block-heading\">Note d&rsquo;information sur la protection des donn\u00e9es \u00e0 caract\u00e8re personnel<\/h1>\n\n\n\n<p class=\"is-style-lead-paragraph\">Utilisateurs de nos sites internet<\/p>\n\n<\/div>\n\n\n\n<div class=\"wp-block-ipsen-wrapper\">\n    <\/div>\n\n<\/div>\n\n        <\/div>\n    <\/div>\n<\/section>\n\n\n<section class=\"full-width alignfull wp-block-ipsen-section\">\n    <div class=\"wp-block-ipsen-section__content\">\n        \n\n<p><br>Le pr\u00e9sent avis de confidentialit\u00e9 d\u00e9crit la mani\u00e8re dont les donn\u00e9es personnelles sont utilis\u00e9es lors de la visite de ce site web.<\/p>\n\n\n\n<p><strong>Qui est le responsable du traitement de vos informations personnelles ?<\/strong><\/p>\n\n\n\n<p>Aux fins de la pr\u00e9sente note d\u2019information sur la protection des donn\u00e9es \u00e0 caract\u00e8re personnel, Ipsen Pharma SAS, dont le si\u00e8ge social est situ\u00e9 au 65, quai Georges Gorse \u2013 92100 Boulogne-Billancourt, France, et ses filiales, y compris Ipsen NV enregistr\u00e9e en Belgique sont les responsables du traitement des donn\u00e9es \u00e0 caract\u00e8re personnel d\u00e9crites (d\u00e9nomm\u00e9es Ipsen, nous ou notre dans la pr\u00e9sente note d\u2019information).<\/p>\n\n\n\n<p><strong>Quelles sont les informations personnelles que nous recueillons \u00e0 votre sujet ?<\/strong><\/p>\n\n\n\n<p>Lorsque vous utilisez le formulaire de demande de renseignements ou de \u201ccontact\u201d&nbsp;<a>sur ce site web<\/a>, nous recueillons vos coordonn\u00e9es de base ainsi que la nature de votre demande.<\/p>\n\n\n\n<p>Ce site web collecte \u00e9galement des donn\u00e9es \u00e0 l\u2019aide de cookies ou d\u2019autres technologies similaires. Nous recueillons ainsi des donn\u00e9es techniques telles que l\u2019adresse IP, le type de navigateur utilis\u00e9, le syst\u00e8me d\u2019exploitation, le nom de domaine et l\u2019endroit d\u2019o\u00f9 les visiteurs sont venus sur le site. Nous recueillons \u00e9galement des informations sur les pages visit\u00e9es par les utilisateurs, le temps d\u2019acc\u00e8s et le temps pass\u00e9 sur chaque page, l\u2019analyse du chemin interne et d\u2019autres param\u00e8tres relatifs au syst\u00e8me d\u2019exploitation et \u00e0 l\u2019environnement informatique de l\u2019utilisateur. Ces donn\u00e9es techniques sont collect\u00e9es et utilis\u00e9es sous une forme agr\u00e9g\u00e9e pour nous aider \u00e0 g\u00e9rer et \u00e0 am\u00e9liorer le site web. Lorsque vous interagissez avec nous sur les m\u00e9dias sociaux, il se peut que vous nous fournissiez certaines informations provenant de vos profils de m\u00e9dias sociaux, telles que votre nom, votre adresse \u00e9lectronique ou des identifiants de m\u00e9dias sociaux. Voir la politique en mati\u00e8re de cookies pour plus d\u2019informations.<\/p>\n\n\n\n<p><strong>Pourquoi sommes-nous autoris\u00e9s \u00e0 collecter et \u00e0 utiliser vos informations personnelles ?<\/strong><\/p>\n\n\n\n<figure class=\"wp-block-table\"><table class=\"has-fixed-layout\"><tbody><tr><td><strong>Bases L\u00e9gales<\/strong><strong><\/strong><\/td><td><strong>Objectifs<\/strong><strong><\/strong><\/td><\/tr><tr><td>Article 6 1 (f)&nbsp;<strong>Int\u00e9r\u00eat L\u00e9gitime&nbsp;<\/strong><em>&nbsp;<\/em><strong><\/strong><\/td><td>Nous traiterons les donn\u00e9es personnelles dans l\u2019int\u00e9r\u00eat l\u00e9gitime d\u2019Ipsen pour : \u2013 maintenir et surveiller ce site web \u2013 assurer le bon fonctionnement de ce site web \u2013 maintenir la s\u00e9curit\u00e9 et l\u2019int\u00e9grit\u00e9 du site web \u2013 r\u00e9pondre \u00e0 vos demandes ou requ\u00eates \u2013 effectuer des analyses et mesurer les performances du site web \u2013 r\u00e9aliser des audits ou des contr\u00f4les. Si n\u00e9cessaire, les donn\u00e9es personnelles peuvent \u00eatre utilis\u00e9es dans l\u2019int\u00e9r\u00eat l\u00e9gitime d\u2019Ipsen pour d\u00e9terminer la responsabilit\u00e9 en cas d\u2019all\u00e9gations de d\u00e9lits informatiques ou \u00e9lectroniques causant des dommages au site web.<\/td><\/tr><tr><td>Article 6 1 (c)&nbsp;<strong>Obligations L\u00e9gales<\/strong>&nbsp;&nbsp;<\/td><td>Nous avons l\u2019obligation l\u00e9gale de vous informer de tout effet secondaire, \u00e9v\u00e9nement ind\u00e9sirable ou probl\u00e8me de qualit\u00e9 concernant nos produits. Par cons\u00e9quent, si vous nous fournissez des informations \u00e0 ce sujet par le biais d\u2019un site web ou d\u2019un formulaire de demande, nous traiterons ces informations sur la base de cette obligation l\u00e9gale. Vous trouverez une note d\u2019information compl\u00e8te sur la protection de des donn\u00e9es \u00e0 ce sujet sur notre page consacr\u00e9e \u00e0 la protection des donn\u00e9es. Dans certains cas, nous pouvons avoir l\u2019obligation l\u00e9gale de v\u00e9rifier le statut des personnes qui utilisent notre site web, par exemple pour savoir si elles sont un HCP enregistr\u00e9.<\/td><\/tr><tr><td>Article 6 1 (a)&nbsp;<strong>Consentement<\/strong><\/td><td>Avant de pouvoir utiliser certains types de cookies \u201cfacultatifs\u201d ou des technologies de suivi similaires, nous vous demanderons votre consentement.<\/td><\/tr><\/tbody><\/table><\/figure>\n\n\n\n<p><strong>D\u2019o\u00f9 proviennent vos donn\u00e9es personnelles ?<\/strong><\/p>\n\n\n\n<p>Nous recueillons directement aupr\u00e8s de vous toutes les donn\u00e9es personnelles saisies lorsque vous soumettez une demande sur ce site web.<\/p>\n\n\n\n<p>Nous collectons certaines donn\u00e9es \u00e0 caract\u00e8re personnel de mani\u00e8re indirecte, par l\u2019utilisation de cookies et de technologies similaires. Pour plus d\u2019informations, veuillez consulter la politique en mati\u00e8re de cookies de ce site web.<\/p>\n\n\n\n<p><strong>Avec qui partageons-nous vos informations personnelles ?<\/strong><\/p>\n\n\n\n<p>Ipsen peut \u00eatre amen\u00e9 \u00e0 partager vos donn\u00e9es personnelles avec les tiers autoris\u00e9s suivants :<\/p>\n\n\n\n<p>\u2013 Ipsen et ses filiales<\/p>\n\n\n\n<p>\u2013 Fournisseurs s\u00e9lectionn\u00e9s, prestataires de services ou vendeurs agissant selon les instructions d\u2019Ipsen pour l\u2019h\u00e9bergement du site web, l\u2019analyse des donn\u00e9es, l\u2019ex\u00e9cution des commandes, la technologie de l\u2019information et la fourniture de l\u2019infrastructure connexe, le service client\u00e8le, l\u2019envoi de courriels, l\u2019audit, etc.<\/p>\n\n\n\n<p>\u2013 Autorit\u00e9s judiciaires ou administratives : si les lois applicables l\u2019exigent, y compris les lois en vigueur en dehors de votre pays de r\u00e9sidence.<\/p>\n\n\n\n<p>\u2013 Acqu\u00e9reurs potentiels et autres parties prenantes en cas de fusion, d\u2019op\u00e9ration de restructuration juridique telle qu\u2019une acquisition, une coentreprise, une cession, une scission ou un d\u00e9sinvestissement.<\/p>\n\n\n\n<p>Vos donn\u00e9es personnelles ne seront pas vendues, partag\u00e9es ou autrement distribu\u00e9es \u00e0 des tiers sans une base juridique appropri\u00e9e, ou lorsque nous sommes tenus de le faire en vertu d\u2019une loi applicable, d\u2019une ordonnance d\u2019un tribunal ou d\u2019une r\u00e9glementation gouvernementale, ou si une telle divulgation est autrement n\u00e9cessaire \u00e0 l\u2019appui d\u2019une enqu\u00eate ou d\u2019une proc\u00e9dure criminelle ou autre proc\u00e9dure judiciaire ici ou \u00e0 l\u2019\u00e9tranger.<\/p>\n\n\n\n<p><strong>Combien de temps conservons-nous vos informations personnelles ?<\/strong><\/p>\n\n\n\n<p>Nous ne conserverons vos informations personnelles que pour r\u00e9pondre \u00e0 nos besoins op\u00e9rationnels et pour nous conformer aux exigences l\u00e9gislatives en mati\u00e8re de conservation, conform\u00e9ment aux politiques de conservation d\u2019Ipsen. Toute donn\u00e9e personnelle collect\u00e9e \u00e0 l\u2019aide de cookies ou de technologies similaires ne sera conserv\u00e9e que pendant 13 mois.<\/p>\n\n\n\n<p><strong>Liens vers d\u2019autres sites web<\/strong><\/p>\n\n\n\n<p>Lorsque vous visitez l\u2019un de nos sites web, vous pouvez \u00e9galement \u00eatre en mesure d\u2019utiliser des liens pour acc\u00e9der \u00e0 d\u2019autres sites web, ou vous pouvez \u00eatre dirig\u00e9 vers d\u2019autres sites web h\u00e9berg\u00e9s par des tiers. Ipsen n\u2019est pas responsable de la mani\u00e8re dont les sites web tiers utilisent vos donn\u00e9es personnelles, veuillez consulter les politiques de confidentialit\u00e9 de ces sites web avant de fournir vos informations.<\/p>\n\n\n\n<p><strong>Cookies et technologies similaires<\/strong><\/p>\n\n\n\n<p>Ce site web utilise des cookies et des technologies similaires (\u201ccookies\u201d). Les cookies sont de petits fichiers de donn\u00e9es qui sont plac\u00e9s sur votre ordinateur, votre smartphone ou tout autre appareil. Lorsque vous acc\u00e9dez au site web, vous pouvez<\/p>\n\n\n\n<p>\u2013 accepter l\u2019utilisation des cookies ; ou<\/p>\n\n\n\n<p>\u2013 refuser l\u2019utilisation de cookies ; ou<\/p>\n\n\n\n<p>\u2013 d\u00e9finir vos pr\u00e9f\u00e9rences en mati\u00e8re de cookies.<\/p>\n\n\n\n<p>Pour plus d\u2019informations, veuillez consulter la politique en mati\u00e8re de cookies sur ce site web.<\/p>\n\n\n\n<p><strong>Comment prot\u00e9geons-nous vos informations personnelles ?<\/strong><\/p>\n\n\n\n<p>Afin d\u2019emp\u00eacher tout acc\u00e8s non autoris\u00e9, de maintenir l\u2019exactitude des donn\u00e9es et de garantir l\u2019utilisation correcte des informations, Ipsen et ses prestataires de services tiers ont mis en place des proc\u00e9dures physiques, \u00e9lectroniques et organisationnelles appropri\u00e9es pour sauvegarder et s\u00e9curiser les informations que nous recueillons.<\/p>\n\n\n\n<p><strong>Transfert de donn\u00e9es personnelles en dehors de votre pays d\u2019origine ?<\/strong><\/p>\n\n\n\n<p>Nous travaillons dans le monde entier. Par cons\u00e9quent, les donn\u00e9es \u00e0 caract\u00e8re personnel peuvent \u00eatre trait\u00e9es, consult\u00e9es ou stock\u00e9es dans un pays autre que celui o\u00f9 vous vous trouvez, qui peut ne pas offrir le m\u00eame niveau de protection des donn\u00e9es \u00e0 caract\u00e8re personnel que votre pays d\u2019origine.<\/p>\n\n\n\n<p>Lorsque nous transf\u00e9rons des donn\u00e9es \u00e0 caract\u00e8re personnel \u00e0 des soci\u00e9t\u00e9s externes dans d\u2019autres pays, ou entre nos entit\u00e9s internationales d\u2019Ipsen, nous prot\u00e9geons les donn\u00e9es \u00e0 caract\u00e8re personnel en mettant en place des accords contractuels appropri\u00e9s.<\/p>\n\n\n\n<p><strong>Quels sont vos droits concernant vos informations ?<\/strong><\/p>\n\n\n\n<p>Vous pouvez b\u00e9n\u00e9ficier des droits suivants concernant vos informations, en fonction des circonstances et de la l\u00e9gislation applicable :<\/p>\n\n\n\n<figure class=\"wp-block-table\"><table class=\"has-fixed-layout\"><tbody><tr><td><strong>Droit<\/strong><strong><\/strong><\/td><td><strong>Qu\u2019est-ce que cela signifie ?<\/strong><strong><\/strong><\/td><\/tr><tr><td><strong>1.&nbsp;<\/strong><strong>Le droit d\u2019acc\u00e8s<\/strong><strong><\/strong><\/td><td>Vous avez le droit d\u2019obtenir l\u2019acc\u00e8s aux informations trait\u00e9es par Ipsen.<\/td><\/tr><tr><td><strong>2.&nbsp;<\/strong><strong>Droit de rectification<\/strong><strong><\/strong><\/td><td>Vous avez le droit de faire rectifier les informations vous concernant qui sont inexactes ou incompl\u00e8tes.<\/td><\/tr><tr><td><strong>3.&nbsp;<\/strong><strong>Le droit \u00e0 l\u2019effacement<\/strong><strong><\/strong><\/td><td>Il est \u00e9galement connu sous le nom de \u201cdroit \u00e0 l\u2019oubli\u201d et, en termes simples, vous permet de demander l\u2019effacement ou la suppression de vos informations lorsqu\u2019il n\u2019y a pas de raison imp\u00e9rieuse pour qu\u2019Ipsen continue \u00e0 les utiliser. Il ne s\u2019agit pas d\u2019un droit g\u00e9n\u00e9ral \u00e0 l\u2019effacement ; il existe des exceptions.<\/td><\/tr><tr><td><strong>4.&nbsp;<\/strong><strong>Le droit de restreindre le traitement<\/strong><strong><\/strong><\/td><td>Vous avez le droit de \u201cbloquer\u201d ou de supprimer l\u2019utilisation ult\u00e9rieure de vos informations dans certaines circonstances. Lorsque le traitement est limit\u00e9, Ipsen peut toujours stocker vos informations, mais ne peut plus les utiliser.<\/td><\/tr><tr><td><strong>5.&nbsp;<\/strong><strong>Le droit \u00e0 la portabilit\u00e9 des donn\u00e9es<\/strong><\/td><td>Vous avez le droit d\u2019obtenir et de r\u00e9utiliser vos donn\u00e9es personnelles dans un format structur\u00e9, couramment utilis\u00e9 et lisible par machine dans certaines circonstances.<\/td><\/tr><tr><td><strong>6.&nbsp;<\/strong><strong>Le droit d\u2019opposition<\/strong><strong><\/strong><\/td><td>Vous avez le droit de vous opposer \u00e0 certains types de traitement, dans certaines circonstances.<\/td><\/tr><tr><td><strong>7.&nbsp;<\/strong><strong>Droit de retirer son consentement<\/strong><strong><\/strong><\/td><td>Si nous utilisons vos donn\u00e9es \u00e0 caract\u00e8re personnel sur la base de votre consentement, vous avez le droit de retirer ce consentement \u00e0 tout moment.<\/td><\/tr><\/tbody><\/table><\/figure>\n\n\n\n<p><strong>Informations de contact.<\/strong><\/p>\n\n\n\n<p>Si vous souhaitez exercer l\u2019un de ces droits, veuillez nous envoyer une demande de droits de la personne concern\u00e9e en remplissant&nbsp;<a href=\"https:\/\/privacyportal-de.onetrust.com\/webform\/6b1542cd-1d95-4ee9-98ba-5b2e7639eaac\/6c7a3ff4-c078-4035-a018-76293fe3e8a9\">ce formulaire<\/a>.<\/p>\n\n\n\n<p>Si vous souhaitez nous poser des questions sur la mani\u00e8re dont nous traitons vos donn\u00e9es personnelles, vous&nbsp;<a>pouvez contacter<\/a>&nbsp;notre \u00e9quipe Global Privacy \u00e0 l\u2019adresse&nbsp;<a href=\"mailto:dataprivacy@ipsen.com\">dataprivacy@ipsen.com<\/a>.<\/p>\n\n\n\n<p>Si vous n\u2019\u00eates pas satisfait de la mani\u00e8re dont Ipsen traite vos donn\u00e9es personnelles, ou si vous pensez que notre traitement n\u2019est pas conforme aux lois sur la protection des donn\u00e9es, vous avez le droit de d\u00e9poser une plainte aupr\u00e8s de l\u2019autorit\u00e9 de contr\u00f4le comp\u00e9tente en mati\u00e8re de protection des donn\u00e9es \u2013 L\u2019Autorit\u00e9 de protection des donn\u00e9es (APD):&nbsp;<a href=\"https:\/\/www.dataprotectionauthority.be\/citizen\/the-authority\/organisation\">Organisation | Autorit\u00e9 de protection des donn\u00e9es&lt;br&gt;Gegevensbeschermingsautoriteit<\/a>.<\/p>\n\n\n\n<h2 class=\"wp-block-heading\"><strong>La derni\u00e8re mise \u00e0 jour est dat\u00e9e de mai 2025.<\/strong><\/h2>\n\n\n\n<p>Si vous \u00eates un professionnel de sant\u00e9, vous pouvez vous r\u00e9f\u00e9rez \u00e0 l\u2019avis de confidentialit\u00e9 ci-dessous qui concerne directement les professionnels de sant\u00e9 qui interagissent avec nous, ou qui participent aux activit\u00e9s, projets ou \u00e9v\u00e9nements d\u2019Ipsen, ou qui sont des clients ou des clients potentiels des produits ou services d\u2019Ipsen:&nbsp;<a href=\"https:\/\/www.ipsen.com\/be\/fr\/hcp-data-privacy\/\">cliquez ici<\/a>.<\/p>\n\n    <\/div>\n<\/section>\n\n","protected":false},"excerpt":{"rendered":"","protected":false},"author":11,"featured_media":0,"parent":0,"menu_order":0,"comment_status":"closed","ping_status":"closed","template":"template-no-title","meta":{"_user_content_segmentation__post_segment_selection":[],"ipsen-approval-number":"","ipsen-post-related":[],"ipsen-off-label-enabled":false,"ipsen-off-label-message":"","editor_notices":[],"_ifac_restricted":false,"footnotes":""},"ipsen-author":[],"class_list":["post-489","page","type-page","status-publish","hentry"],"yoast_head":"<!-- This site is optimized with the Yoast SEO plugin v26.9 - https:\/\/yoast.com\/product\/yoast-seo-wordpress\/ -->\n<title>Note d&#039;information sur la protection des donn\u00e9es \u00e0 caract\u00e8re personnel - Academy<\/title>\n<meta name=\"robots\" content=\"index, follow, max-snippet:-1, max-image-preview:large, max-video-preview:-1\" \/>\n<link rel=\"canonical\" href=\"https:\/\/ipsen-academy.be\/fr\/politique-de-confidentialite\/\" \/>\n<meta property=\"og:locale\" content=\"fr_FR\" \/>\n<meta property=\"og:type\" content=\"article\" \/>\n<meta property=\"og:title\" content=\"Note d&#039;information sur la protection des donn\u00e9es \u00e0 caract\u00e8re personnel - Academy\" \/>\n<meta property=\"og:url\" content=\"https:\/\/ipsen-academy.be\/fr\/politique-de-confidentialite\/\" \/>\n<meta property=\"og:site_name\" content=\"Academy\" \/>\n<meta property=\"article:modified_time\" content=\"2025-10-31T13:29:21+00:00\" \/>\n<meta name=\"twitter:card\" content=\"summary_large_image\" \/>\n<meta name=\"twitter:label1\" content=\"Dur\u00e9e de lecture estim\u00e9e\" \/>\n\t<meta name=\"twitter:data1\" content=\"8 minutes\" \/>\n<script type=\"application\/ld+json\" class=\"yoast-schema-graph\">{\"@context\":\"https:\/\/schema.org\",\"@graph\":[{\"@type\":\"WebPage\",\"@id\":\"https:\/\/ipsen-academy.be\/fr\/politique-de-confidentialite\/\",\"url\":\"https:\/\/ipsen-academy.be\/fr\/politique-de-confidentialite\/\",\"name\":\"Note d'information sur la protection des donn\u00e9es \u00e0 caract\u00e8re personnel - Academy\",\"isPartOf\":{\"@id\":\"https:\/\/ipsen-academy.be\/fr\/#website\"},\"datePublished\":\"2025-08-07T02:05:03+00:00\",\"dateModified\":\"2025-10-31T13:29:21+00:00\",\"breadcrumb\":{\"@id\":\"https:\/\/ipsen-academy.be\/fr\/politique-de-confidentialite\/#breadcrumb\"},\"inLanguage\":\"fr-FR\",\"potentialAction\":[{\"@type\":\"ReadAction\",\"target\":[\"https:\/\/ipsen-academy.be\/fr\/politique-de-confidentialite\/\"]}]},{\"@type\":\"BreadcrumbList\",\"@id\":\"https:\/\/ipsen-academy.be\/fr\/politique-de-confidentialite\/#breadcrumb\",\"itemListElement\":[{\"@type\":\"ListItem\",\"position\":1,\"name\":\"Home\",\"item\":\"https:\/\/ipsen-academy.be\/fr\/\"},{\"@type\":\"ListItem\",\"position\":2,\"name\":\"Note d&rsquo;information sur la protection des donn\u00e9es \u00e0 caract\u00e8re personnel\"}]},{\"@type\":\"WebSite\",\"@id\":\"https:\/\/ipsen-academy.be\/fr\/#website\",\"url\":\"https:\/\/ipsen-academy.be\/fr\/\",\"name\":\"Academy\",\"description\":\"\",\"publisher\":{\"@id\":\"https:\/\/ipsen-academy.be\/fr\/#organization\"},\"potentialAction\":[{\"@type\":\"SearchAction\",\"target\":{\"@type\":\"EntryPoint\",\"urlTemplate\":\"https:\/\/ipsen-academy.be\/fr\/?s={search_term_string}\"},\"query-input\":{\"@type\":\"PropertyValueSpecification\",\"valueRequired\":true,\"valueName\":\"search_term_string\"}}],\"inLanguage\":\"fr-FR\"},{\"@type\":\"Organization\",\"@id\":\"https:\/\/ipsen-academy.be\/fr\/#organization\",\"name\":\"Academy\",\"url\":\"https:\/\/ipsen-academy.be\/fr\/\",\"logo\":{\"@type\":\"ImageObject\",\"inLanguage\":\"fr-FR\",\"@id\":\"https:\/\/ipsen-academy.be\/fr\/#\/schema\/logo\/image\/\",\"url\":\"https:\/\/ipsen-academy.be\/fr\/wp-content\/uploads\/sites\/11\/2025\/07\/Ipsen_academy-250305-2-3.png\",\"contentUrl\":\"https:\/\/ipsen-academy.be\/fr\/wp-content\/uploads\/sites\/11\/2025\/07\/Ipsen_academy-250305-2-3.png\",\"width\":670,\"height\":100,\"caption\":\"Academy\"},\"image\":{\"@id\":\"https:\/\/ipsen-academy.be\/fr\/#\/schema\/logo\/image\/\"}}]}<\/script>\n<!-- \/ Yoast SEO plugin. -->","yoast_head_json":{"title":"Note d'information sur la protection des donn\u00e9es \u00e0 caract\u00e8re personnel - Academy","robots":{"index":"index","follow":"follow","max-snippet":"max-snippet:-1","max-image-preview":"max-image-preview:large","max-video-preview":"max-video-preview:-1"},"canonical":"https:\/\/ipsen-academy.be\/fr\/politique-de-confidentialite\/","og_locale":"fr_FR","og_type":"article","og_title":"Note d'information sur la protection des donn\u00e9es \u00e0 caract\u00e8re personnel - Academy","og_url":"https:\/\/ipsen-academy.be\/fr\/politique-de-confidentialite\/","og_site_name":"Academy","article_modified_time":"2025-10-31T13:29:21+00:00","twitter_card":"summary_large_image","twitter_misc":{"Dur\u00e9e de lecture estim\u00e9e":"8 minutes"},"schema":{"@context":"https:\/\/schema.org","@graph":[{"@type":"WebPage","@id":"https:\/\/ipsen-academy.be\/fr\/politique-de-confidentialite\/","url":"https:\/\/ipsen-academy.be\/fr\/politique-de-confidentialite\/","name":"Note d'information sur la protection des donn\u00e9es \u00e0 caract\u00e8re personnel - Academy","isPartOf":{"@id":"https:\/\/ipsen-academy.be\/fr\/#website"},"datePublished":"2025-08-07T02:05:03+00:00","dateModified":"2025-10-31T13:29:21+00:00","breadcrumb":{"@id":"https:\/\/ipsen-academy.be\/fr\/politique-de-confidentialite\/#breadcrumb"},"inLanguage":"fr-FR","potentialAction":[{"@type":"ReadAction","target":["https:\/\/ipsen-academy.be\/fr\/politique-de-confidentialite\/"]}]},{"@type":"BreadcrumbList","@id":"https:\/\/ipsen-academy.be\/fr\/politique-de-confidentialite\/#breadcrumb","itemListElement":[{"@type":"ListItem","position":1,"name":"Home","item":"https:\/\/ipsen-academy.be\/fr\/"},{"@type":"ListItem","position":2,"name":"Note d&rsquo;information sur la protection des donn\u00e9es \u00e0 caract\u00e8re personnel"}]},{"@type":"WebSite","@id":"https:\/\/ipsen-academy.be\/fr\/#website","url":"https:\/\/ipsen-academy.be\/fr\/","name":"Academy","description":"","publisher":{"@id":"https:\/\/ipsen-academy.be\/fr\/#organization"},"potentialAction":[{"@type":"SearchAction","target":{"@type":"EntryPoint","urlTemplate":"https:\/\/ipsen-academy.be\/fr\/?s={search_term_string}"},"query-input":{"@type":"PropertyValueSpecification","valueRequired":true,"valueName":"search_term_string"}}],"inLanguage":"fr-FR"},{"@type":"Organization","@id":"https:\/\/ipsen-academy.be\/fr\/#organization","name":"Academy","url":"https:\/\/ipsen-academy.be\/fr\/","logo":{"@type":"ImageObject","inLanguage":"fr-FR","@id":"https:\/\/ipsen-academy.be\/fr\/#\/schema\/logo\/image\/","url":"https:\/\/ipsen-academy.be\/fr\/wp-content\/uploads\/sites\/11\/2025\/07\/Ipsen_academy-250305-2-3.png","contentUrl":"https:\/\/ipsen-academy.be\/fr\/wp-content\/uploads\/sites\/11\/2025\/07\/Ipsen_academy-250305-2-3.png","width":670,"height":100,"caption":"Academy"},"image":{"@id":"https:\/\/ipsen-academy.be\/fr\/#\/schema\/logo\/image\/"}}]}},"parsely":{"version":"1.1.0","canonical_url":"https:\/\/ipsen-academy.be\/fr\/politique-de-confidentialite\/","smart_links":{"inbound":0,"outbound":0},"traffic_boost_suggestions_count":0,"meta":{"@context":"https:\/\/schema.org","@type":"WebPage","headline":"Note d&rsquo;information sur la protection des donn\u00e9es \u00e0 caract\u00e8re personnel","url":"http:\/\/ipsen-academy.be\/fr\/politique-de-confidentialite\/","mainEntityOfPage":{"@type":"WebPage","@id":"http:\/\/ipsen-academy.be\/fr\/politique-de-confidentialite\/"},"thumbnailUrl":"","image":{"@type":"ImageObject","url":""},"articleSection":"Oncologie","author":[{"@type":"Person","name":"femvula"}],"creator":["femvula"],"publisher":{"@type":"Organization","name":"Academy","logo":""},"keywords":[],"dateCreated":"2025-08-07T02:05:03Z","datePublished":"2025-08-07T02:05:03Z","dateModified":"2025-10-31T13:29:21Z"},"rendered":"<script type=\"application\/ld+json\" class=\"wp-parsely-metadata\">{\"@context\":\"https:\\\/\\\/schema.org\",\"@type\":\"WebPage\",\"headline\":\"Note d&rsquo;information sur la protection des donn\\u00e9es \\u00e0 caract\\u00e8re personnel\",\"url\":\"http:\\\/\\\/ipsen-academy.be\\\/fr\\\/politique-de-confidentialite\\\/\",\"mainEntityOfPage\":{\"@type\":\"WebPage\",\"@id\":\"http:\\\/\\\/ipsen-academy.be\\\/fr\\\/politique-de-confidentialite\\\/\"},\"thumbnailUrl\":\"\",\"image\":{\"@type\":\"ImageObject\",\"url\":\"\"},\"articleSection\":\"Oncologie\",\"author\":[{\"@type\":\"Person\",\"name\":\"femvula\"}],\"creator\":[\"femvula\"],\"publisher\":{\"@type\":\"Organization\",\"name\":\"Academy\",\"logo\":\"\"},\"keywords\":[],\"dateCreated\":\"2025-08-07T02:05:03Z\",\"datePublished\":\"2025-08-07T02:05:03Z\",\"dateModified\":\"2025-10-31T13:29:21Z\"}<\/script>","tracker_url":"https:\/\/cdn.parsely.com\/keys\/ipsen-academy.be\/p.js"},"_links":{"self":[{"href":"https:\/\/ipsen-academy.be\/fr\/wp-json\/wp\/v2\/pages\/489","targetHints":{"allow":["GET"]}}],"collection":[{"href":"https:\/\/ipsen-academy.be\/fr\/wp-json\/wp\/v2\/pages"}],"about":[{"href":"https:\/\/ipsen-academy.be\/fr\/wp-json\/wp\/v2\/types\/page"}],"author":[{"embeddable":true,"href":"https:\/\/ipsen-academy.be\/fr\/wp-json\/wp\/v2\/users\/11"}],"replies":[{"embeddable":true,"href":"https:\/\/ipsen-academy.be\/fr\/wp-json\/wp\/v2\/comments?post=489"}],"version-history":[{"count":6,"href":"https:\/\/ipsen-academy.be\/fr\/wp-json\/wp\/v2\/pages\/489\/revisions"}],"predecessor-version":[{"id":553,"href":"https:\/\/ipsen-academy.be\/fr\/wp-json\/wp\/v2\/pages\/489\/revisions\/553"}],"wp:attachment":[{"href":"https:\/\/ipsen-academy.be\/fr\/wp-json\/wp\/v2\/media?parent=489"}],"wp:term":[{"taxonomy":"ipsen-author","embeddable":true,"href":"https:\/\/ipsen-academy.be\/fr\/wp-json\/wp\/v2\/ipsen-author?post=489"}],"curies":[{"name":"wp","href":"https:\/\/api.w.org\/{rel}","templated":true}]}}