{"id":2240,"date":"2026-03-17T18:05:41","date_gmt":"2026-03-17T18:05:41","guid":{"rendered":"https:\/\/ipsen-academy.be\/fr\/?page_id=2240"},"modified":"2026-03-25T10:18:03","modified_gmt":"2026-03-25T10:18:03","slug":"acceder-a-ipsen-academy","status":"publish","type":"page","link":"https:\/\/ipsen-academy.be\/fr\/acceder-a-ipsen-academy\/","title":{"rendered":"Acc\u00e9der \u00e0 Ipsen Academy"},"content":{"rendered":"\n<p>Ipsen Academy est une plateforme r\u00e9serv\u00e9e aux professionnels de sant\u00e9.<br>L\u2019acc\u00e8s est s\u00e9curis\u00e9 via un syst\u00e8me d\u2019identification professionnel appel\u00e9 <strong>One Key ID<\/strong>, g\u00e9r\u00e9 par IQVIA.<\/p>\n\n\n\n<p>Vous pouvez vous connecter si vous avez d\u00e9j\u00e0 un compte, ou en cr\u00e9er un facilement en quelques \u00e9tapes.<\/p>\n\n\n\n<hr class=\"wp-block-separator has-alpha-channel-opacity\" \/>\n\n\n\n<h2 class=\"wp-block-heading\">Je ne sais pas si j\u2019ai d\u00e9j\u00e0 un compte<\/h2>\n\n\n\n<p>Si vous n\u2019\u00eates pas s\u00fbr(e) d\u2019avoir d\u00e9j\u00e0 un compte, utilisez votre <strong>adresse e\u2011mail professionnelle<\/strong> pour vous connecter.<br>Si un compte existe, vous pourrez acc\u00e9der \u00e0 la plateforme ou r\u00e9initialiser votre mot de passe en suivant les \u00e9tapes ci-dessous :<\/p>\n\n\n\n<hr class=\"wp-block-separator has-alpha-channel-opacity\" \/>\n\n\n\n<h2 class=\"wp-block-heading\">Mot de passe oubli\u00e9<\/h2>\n\n\n\n<p>Si vous avez oubli\u00e9 votre mot de passe :<\/p>\n\n\n\n<ol class=\"wp-block-list\">\n<li>Cliquez sur \u00ab\u00a0Reset or Create password\u00a0\u00bb<\/li>\n\n\n\n<li>Entrez votre adresse e\u2011mail <\/li>\n\n\n\n<li>Cliquez sur \u00ab\u00a0Send verification code\u00a0\u00bb<\/li>\n\n\n\n<li>Vous recevrez un <strong>code de v\u00e9rification par e\u2011mail<\/strong><\/li>\n\n\n\n<li>Entrez ce code puis d\u00e9finissez un nouveau mot de passe<\/li>\n<\/ol>\n\n\n\n<div class=\"has-3-columns wp-block-ipsen-columns\">\n    \n\n<div class=\"wp-block-ipsen-wrapper\">\n    \n\n<p><\/p>\n\n<\/div>\n\n\n\n<div class=\"wp-block-ipsen-wrapper\">\n    \n\n<figure class=\"wp-block-ipsen-image\">\n    <div class=\"wp-block-ipsen-image__wrap\">\n        \n<picture>\n    <img src=\"https:\/\/ipsen-academy.be\/fr\/wp-content\/uploads\/sites\/11\/2026\/03\/Screenshot-2026-03-20-090948.png?w=673\" width=\"673\" height=\"608\" srcset=\"https:\/\/ipsen-academy.be\/fr\/wp-content\/uploads\/sites\/11\/2026\/03\/Screenshot-2026-03-20-090948.png 673w, https:\/\/ipsen-academy.be\/fr\/wp-content\/uploads\/sites\/11\/2026\/03\/Screenshot-2026-03-20-090948.png?resize=510,461 510w, https:\/\/ipsen-academy.be\/fr\/wp-content\/uploads\/sites\/11\/2026\/03\/Screenshot-2026-03-20-090948.png?resize=330,298 330w\" sizes=\"auto, (max-width: 673px) 100vw, 673px\" alt=\"\" decoding=\"async\" loading=\"lazy\" \/>\n<\/picture>\n            <\/div>\n    <\/figure>\n\n<\/div>\n\n\n\n<div class=\"wp-block-ipsen-wrapper\">\n    \n\n<p><\/p>\n\n<\/div>\n\n<\/div>\n\n\n\n<hr class=\"wp-block-separator has-alpha-channel-opacity\" \/>\n\n\n\n<h2 class=\"wp-block-heading\">Connexion sans mot de passe (lien s\u00e9curis\u00e9)<\/h2>\n\n\n\n<p>Vous pouvez \u00e9galement choisir l\u2019option <strong>Envoyer un lien<\/strong>.<\/p>\n\n\n\n<p>Dans ce cas :<\/p>\n\n\n\n<ol class=\"wp-block-list\">\n<li>Entrez votre adresse e\u2011mail dans la page \u00ab\u00a0Login\u00a0\u00bb <\/li>\n\n\n\n<li>Cliquez sur \u00ab\u00a0Send me a link\u00a0\u00bb<\/li>\n\n\n\n<li>Un <strong>lien de connexion s\u00e9curis\u00e9<\/strong> vous est envoy\u00e9 par e\u2011mail<\/li>\n\n\n\n<li>Cliquez sur ce lien pour acc\u00e9der directement \u00e0 Ipsen Academy, <strong>sans mot de passe<\/strong><\/li>\n<\/ol>\n\n\n\n<div class=\"has-3-columns wp-block-ipsen-columns\">\n    \n\n<div class=\"wp-block-ipsen-wrapper\">\n    \n\n<p><\/p>\n\n<\/div>\n\n\n\n<div class=\"wp-block-ipsen-wrapper\">\n    \n\n<figure class=\"wp-block-ipsen-image\">\n    <div class=\"wp-block-ipsen-image__wrap\">\n        \n<picture>\n    <img src=\"https:\/\/ipsen-academy.be\/fr\/wp-content\/uploads\/sites\/11\/2026\/03\/Screenshot-2026-03-20-090646.png?w=697\" width=\"697\" height=\"569\" srcset=\"https:\/\/ipsen-academy.be\/fr\/wp-content\/uploads\/sites\/11\/2026\/03\/Screenshot-2026-03-20-090646.png 697w, https:\/\/ipsen-academy.be\/fr\/wp-content\/uploads\/sites\/11\/2026\/03\/Screenshot-2026-03-20-090646.png?resize=510,416 510w, https:\/\/ipsen-academy.be\/fr\/wp-content\/uploads\/sites\/11\/2026\/03\/Screenshot-2026-03-20-090646.png?resize=330,269 330w\" sizes=\"auto, (max-width: 697px) 100vw, 697px\" alt=\"\" decoding=\"async\" loading=\"lazy\" \/>\n<\/picture>\n            <\/div>\n    <\/figure>\n\n<\/div>\n\n\n\n<div class=\"wp-block-ipsen-wrapper\">\n    \n\n<p><\/p>\n\n<\/div>\n\n<\/div>\n\n\n\n<hr class=\"wp-block-separator has-alpha-channel-opacity\" \/>\n\n\n\n<h2 class=\"wp-block-heading\">Comment cr\u00e9er un compte<\/h2>\n\n\n\n<ol class=\"wp-block-list\">\n<li>Cliquez sur <strong><a href=\"https:\/\/auth.onekeyconnect.com\/auth.onekeyconnect.com\/b2c_1a_hca_signup_signin\/oauth2\/v2.0\/authorize?state=adapter%3Donekey%26origin%3Dhttps%253A%252F%252Fipsen-academy.be%252Ffr%252Fconnexion%252F&amp;redirect_uri=https%3A%2F%2Fipsen-academy.be%2Ffr%2Fsso-login%2F&amp;client_id=ff91504f-5f15-4c25-a00d-da1ee959e538&amp;scope=https%3A%2F%2Fauth.onekeyconnect.com%2Fx%2Fprofile.extended&amp;response_type=code&amp;ui_locales=en-GB&amp;locale=en-GB\">Cr\u00e9er mon compte<\/a><\/strong><\/li>\n\n\n\n<li>Cliquez sur<em> Sign Up<\/em><\/li>\n<\/ol>\n\n\n\n<div class=\"has-3-columns wp-block-ipsen-columns\">\n    \n\n<div class=\"wp-block-ipsen-wrapper\">\n    \n\n<p><\/p>\n\n<\/div>\n\n\n\n<div class=\"wp-block-ipsen-wrapper\">\n    \n\n<figure class=\"wp-block-ipsen-image\">\n    <div class=\"wp-block-ipsen-image__wrap\">\n        \n<picture>\n    <img src=\"https:\/\/ipsen-academy.be\/fr\/wp-content\/uploads\/sites\/11\/2026\/03\/Screenshot-2026-03-20-090646.png?w=697\" width=\"697\" height=\"569\" srcset=\"https:\/\/ipsen-academy.be\/fr\/wp-content\/uploads\/sites\/11\/2026\/03\/Screenshot-2026-03-20-090646.png 697w, https:\/\/ipsen-academy.be\/fr\/wp-content\/uploads\/sites\/11\/2026\/03\/Screenshot-2026-03-20-090646.png?resize=510,416 510w, https:\/\/ipsen-academy.be\/fr\/wp-content\/uploads\/sites\/11\/2026\/03\/Screenshot-2026-03-20-090646.png?resize=330,269 330w\" sizes=\"auto, (max-width: 697px) 100vw, 697px\" alt=\"\" decoding=\"async\" loading=\"lazy\" \/>\n<\/picture>\n            <\/div>\n    <\/figure>\n\n<\/div>\n\n\n\n<div class=\"wp-block-ipsen-wrapper\">\n    \n\n<p><\/p>\n\n<\/div>\n\n<\/div>\n\n\n\n<ol class=\"wp-block-list\">\n<li>Renseignez vos informations professionnelles<br><em>Certaines informations peuvent \u00eatre facultatives<\/em><\/li>\n\n\n\n<li>Validez votre inscription en cliquant sur <em>Continue<\/em><\/li>\n<\/ol>\n\n\n\n<div class=\"has-3-columns wp-block-ipsen-columns\">\n    \n\n<div class=\"wp-block-ipsen-wrapper\">\n    \n\n<p><\/p>\n\n<\/div>\n\n\n\n<div class=\"wp-block-ipsen-wrapper\">\n    \n\n<figure class=\"wp-block-ipsen-image\">\n    <div class=\"wp-block-ipsen-image__wrap\">\n        \n<picture>\n    <img src=\"https:\/\/ipsen-academy.be\/fr\/wp-content\/uploads\/sites\/11\/2026\/03\/Screenshot-2026-03-19-155350-4.png?w=592\" width=\"592\" height=\"823\" srcset=\"https:\/\/ipsen-academy.be\/fr\/wp-content\/uploads\/sites\/11\/2026\/03\/Screenshot-2026-03-19-155350-4.png 592w, https:\/\/ipsen-academy.be\/fr\/wp-content\/uploads\/sites\/11\/2026\/03\/Screenshot-2026-03-19-155350-4.png?resize=510,709 510w, https:\/\/ipsen-academy.be\/fr\/wp-content\/uploads\/sites\/11\/2026\/03\/Screenshot-2026-03-19-155350-4.png?resize=330,459 330w\" sizes=\"auto, (max-width: 592px) 100vw, 592px\" alt=\"\" decoding=\"async\" loading=\"lazy\" \/>\n<\/picture>\n            <\/div>\n    <\/figure>\n\n<\/div>\n\n\n\n<div class=\"wp-block-ipsen-wrapper\">\n    \n\n<p><\/p>\n\n<\/div>\n\n<\/div>\n\n\n\n<p>Apr\u00e8s votre inscription, votre compte est soumis \u00e0 une p\u00e9riode d\u2019approbation (jusqu&rsquo;\u00e0 3 jours).<br>Une fois votre compte valid\u00e9, vous recevrez une confirmation par e\u2011mail et pourrez acc\u00e9der au contenu d\u2019Ipsen Academy.<\/p>\n\n\n\n<hr class=\"wp-block-separator has-alpha-channel-opacity\" \/>\n\n\n\n<h2 class=\"wp-block-heading\">Pourquoi certaines informations sont demand\u00e9es ?<\/h2>\n\n\n\n<p>Ipsen Academy est destin\u00e9e exclusivement aux professionnels de sant\u00e9.<br>Les informations demand\u00e9es permettent de v\u00e9rifier l\u2019acc\u00e8s et de garantir la conformit\u00e9 r\u00e9glementaire.<\/p>\n\n\n\n<hr class=\"wp-block-separator has-alpha-channel-opacity\" \/>\n\n\n\n<h2 class=\"wp-block-heading\">Consentement et protection des donn\u00e9es<\/h2>\n\n\n\n<p>Lors de votre premi\u00e8re connexion, un \u00e9cran s\u2019affiche pour vous demander de <strong>prendre connaissance de la notice de confidentialit\u00e9<\/strong>.<\/p>\n\n\n\n<p>Pour continuer :<\/p>\n\n\n\n<ul class=\"wp-block-list\">\n<li>lisez les informations affich\u00e9es,<\/li>\n\n\n\n<li>puis <strong>confirmez votre accord<\/strong>.<\/li>\n<\/ul>\n\n\n\n<p>Une fois cette \u00e9tape valid\u00e9e, vous pourrez acceder \u00e0 la plateforme.<\/p>\n\n\n\n<hr class=\"wp-block-separator has-alpha-channel-opacity\" \/>\n\n\n\n<h2 class=\"wp-block-heading\">Besoin d\u2019aide ?<\/h2>\n\n\n\n<p>Si vous rencontrez des difficult\u00e9s pour cr\u00e9er un compte ou vous connecter, veuillez contacter votre interlocuteur Ipsen habituel ou joindre les administrateurs de connexion <strong><a href=\"https:\/\/www.healthcaresdks.com\/en-GB\/contact-us-hca\">en cliquant ici.<\/a><\/strong><\/p>\n\n\n\n<p><\/p>\n\n\n\n<p><\/p>\n\n\n\n<p class=\"has-text-align-right\"><em>ALLSC-BE-000450<\/em><\/p>\n\n\n\n<p><\/p>\n","protected":false},"excerpt":{"rendered":"<p>Ipsen Academy est une plateforme r\u00e9serv\u00e9e aux professionnels de sant\u00e9.L\u2019acc\u00e8s est s\u00e9curis\u00e9 via un syst\u00e8me d\u2019identification professionnel appel\u00e9 One Key ID, g\u00e9r\u00e9 par IQVIA. Vous pouvez vous connecter si vous avez d\u00e9j\u00e0 un compte, ou en cr\u00e9er un facilement en quelques \u00e9tapes. Je ne sais pas si j\u2019ai d\u00e9j\u00e0 un compte Si vous n\u2019\u00eates pas [&hellip;]<\/p>\n","protected":false},"author":912,"featured_media":0,"parent":0,"menu_order":0,"comment_status":"closed","ping_status":"closed","template":"","meta":{"_user_content_segmentation__post_segment_selection":[],"ipsen-approval-number":"","ipsen-post-related":[],"ipsen-off-label-enabled":false,"ipsen-off-label-message":"","editor_notices":[],"_ifac_restricted":false,"footnotes":""},"ipsen-author":[],"class_list":["post-2240","page","type-page","status-publish","hentry"],"yoast_head":"<!-- This site is optimized with the Yoast SEO plugin v26.9 - https:\/\/yoast.com\/product\/yoast-seo-wordpress\/ -->\n<title>Acc\u00e9der \u00e0 Ipsen Academy - Academy<\/title>\n<meta name=\"robots\" content=\"index, follow, max-snippet:-1, max-image-preview:large, max-video-preview:-1\" \/>\n<link rel=\"canonical\" href=\"https:\/\/ipsen-academy.be\/fr\/acceder-a-ipsen-academy\/\" \/>\n<meta property=\"og:locale\" content=\"fr_FR\" \/>\n<meta property=\"og:type\" content=\"article\" \/>\n<meta property=\"og:title\" content=\"Acc\u00e9der \u00e0 Ipsen Academy - Academy\" \/>\n<meta property=\"og:description\" content=\"Ipsen Academy est une plateforme r\u00e9serv\u00e9e aux professionnels de sant\u00e9.L\u2019acc\u00e8s est s\u00e9curis\u00e9 via un syst\u00e8me d\u2019identification professionnel appel\u00e9 One Key ID, g\u00e9r\u00e9 par IQVIA. Vous pouvez vous connecter si vous avez d\u00e9j\u00e0 un compte, ou en cr\u00e9er un facilement en quelques \u00e9tapes. Je ne sais pas si j\u2019ai d\u00e9j\u00e0 un compte Si vous n\u2019\u00eates pas [&hellip;]\" \/>\n<meta property=\"og:url\" content=\"https:\/\/ipsen-academy.be\/fr\/acceder-a-ipsen-academy\/\" \/>\n<meta property=\"og:site_name\" content=\"Academy\" \/>\n<meta property=\"article:modified_time\" content=\"2026-03-25T10:18:03+00:00\" \/>\n<meta name=\"twitter:card\" content=\"summary_large_image\" \/>\n<meta name=\"twitter:label1\" content=\"Dur\u00e9e de lecture estim\u00e9e\" \/>\n\t<meta name=\"twitter:data1\" content=\"2 minutes\" \/>\n<script type=\"application\/ld+json\" class=\"yoast-schema-graph\">{\"@context\":\"https:\/\/schema.org\",\"@graph\":[{\"@type\":\"WebPage\",\"@id\":\"https:\/\/ipsen-academy.be\/fr\/acceder-a-ipsen-academy\/\",\"url\":\"https:\/\/ipsen-academy.be\/fr\/acceder-a-ipsen-academy\/\",\"name\":\"Acc\u00e9der \u00e0 Ipsen Academy - Academy\",\"isPartOf\":{\"@id\":\"https:\/\/ipsen-academy.be\/fr\/#website\"},\"datePublished\":\"2026-03-17T18:05:41+00:00\",\"dateModified\":\"2026-03-25T10:18:03+00:00\",\"breadcrumb\":{\"@id\":\"https:\/\/ipsen-academy.be\/fr\/acceder-a-ipsen-academy\/#breadcrumb\"},\"inLanguage\":\"fr-FR\",\"potentialAction\":[{\"@type\":\"ReadAction\",\"target\":[\"https:\/\/ipsen-academy.be\/fr\/acceder-a-ipsen-academy\/\"]}]},{\"@type\":\"BreadcrumbList\",\"@id\":\"https:\/\/ipsen-academy.be\/fr\/acceder-a-ipsen-academy\/#breadcrumb\",\"itemListElement\":[{\"@type\":\"ListItem\",\"position\":1,\"name\":\"Home\",\"item\":\"https:\/\/ipsen-academy.be\/fr\/\"},{\"@type\":\"ListItem\",\"position\":2,\"name\":\"Acc\u00e9der \u00e0 Ipsen Academy\"}]},{\"@type\":\"WebSite\",\"@id\":\"https:\/\/ipsen-academy.be\/fr\/#website\",\"url\":\"https:\/\/ipsen-academy.be\/fr\/\",\"name\":\"Academy\",\"description\":\"\",\"publisher\":{\"@id\":\"https:\/\/ipsen-academy.be\/fr\/#organization\"},\"potentialAction\":[{\"@type\":\"SearchAction\",\"target\":{\"@type\":\"EntryPoint\",\"urlTemplate\":\"https:\/\/ipsen-academy.be\/fr\/?s={search_term_string}\"},\"query-input\":{\"@type\":\"PropertyValueSpecification\",\"valueRequired\":true,\"valueName\":\"search_term_string\"}}],\"inLanguage\":\"fr-FR\"},{\"@type\":\"Organization\",\"@id\":\"https:\/\/ipsen-academy.be\/fr\/#organization\",\"name\":\"Academy\",\"url\":\"https:\/\/ipsen-academy.be\/fr\/\",\"logo\":{\"@type\":\"ImageObject\",\"inLanguage\":\"fr-FR\",\"@id\":\"https:\/\/ipsen-academy.be\/fr\/#\/schema\/logo\/image\/\",\"url\":\"https:\/\/ipsen-academy.be\/fr\/wp-content\/uploads\/sites\/11\/2025\/07\/Ipsen_academy-250305-2-3.png\",\"contentUrl\":\"https:\/\/ipsen-academy.be\/fr\/wp-content\/uploads\/sites\/11\/2025\/07\/Ipsen_academy-250305-2-3.png\",\"width\":670,\"height\":100,\"caption\":\"Academy\"},\"image\":{\"@id\":\"https:\/\/ipsen-academy.be\/fr\/#\/schema\/logo\/image\/\"}}]}<\/script>\n<!-- \/ Yoast SEO plugin. -->","yoast_head_json":{"title":"Acc\u00e9der \u00e0 Ipsen Academy - Academy","robots":{"index":"index","follow":"follow","max-snippet":"max-snippet:-1","max-image-preview":"max-image-preview:large","max-video-preview":"max-video-preview:-1"},"canonical":"https:\/\/ipsen-academy.be\/fr\/acceder-a-ipsen-academy\/","og_locale":"fr_FR","og_type":"article","og_title":"Acc\u00e9der \u00e0 Ipsen Academy - Academy","og_description":"Ipsen Academy est une plateforme r\u00e9serv\u00e9e aux professionnels de sant\u00e9.L\u2019acc\u00e8s est s\u00e9curis\u00e9 via un syst\u00e8me d\u2019identification professionnel appel\u00e9 One Key ID, g\u00e9r\u00e9 par IQVIA. Vous pouvez vous connecter si vous avez d\u00e9j\u00e0 un compte, ou en cr\u00e9er un facilement en quelques \u00e9tapes. Je ne sais pas si j\u2019ai d\u00e9j\u00e0 un compte Si vous n\u2019\u00eates pas [&hellip;]","og_url":"https:\/\/ipsen-academy.be\/fr\/acceder-a-ipsen-academy\/","og_site_name":"Academy","article_modified_time":"2026-03-25T10:18:03+00:00","twitter_card":"summary_large_image","twitter_misc":{"Dur\u00e9e de lecture estim\u00e9e":"2 minutes"},"schema":{"@context":"https:\/\/schema.org","@graph":[{"@type":"WebPage","@id":"https:\/\/ipsen-academy.be\/fr\/acceder-a-ipsen-academy\/","url":"https:\/\/ipsen-academy.be\/fr\/acceder-a-ipsen-academy\/","name":"Acc\u00e9der \u00e0 Ipsen Academy - Academy","isPartOf":{"@id":"https:\/\/ipsen-academy.be\/fr\/#website"},"datePublished":"2026-03-17T18:05:41+00:00","dateModified":"2026-03-25T10:18:03+00:00","breadcrumb":{"@id":"https:\/\/ipsen-academy.be\/fr\/acceder-a-ipsen-academy\/#breadcrumb"},"inLanguage":"fr-FR","potentialAction":[{"@type":"ReadAction","target":["https:\/\/ipsen-academy.be\/fr\/acceder-a-ipsen-academy\/"]}]},{"@type":"BreadcrumbList","@id":"https:\/\/ipsen-academy.be\/fr\/acceder-a-ipsen-academy\/#breadcrumb","itemListElement":[{"@type":"ListItem","position":1,"name":"Home","item":"https:\/\/ipsen-academy.be\/fr\/"},{"@type":"ListItem","position":2,"name":"Acc\u00e9der \u00e0 Ipsen Academy"}]},{"@type":"WebSite","@id":"https:\/\/ipsen-academy.be\/fr\/#website","url":"https:\/\/ipsen-academy.be\/fr\/","name":"Academy","description":"","publisher":{"@id":"https:\/\/ipsen-academy.be\/fr\/#organization"},"potentialAction":[{"@type":"SearchAction","target":{"@type":"EntryPoint","urlTemplate":"https:\/\/ipsen-academy.be\/fr\/?s={search_term_string}"},"query-input":{"@type":"PropertyValueSpecification","valueRequired":true,"valueName":"search_term_string"}}],"inLanguage":"fr-FR"},{"@type":"Organization","@id":"https:\/\/ipsen-academy.be\/fr\/#organization","name":"Academy","url":"https:\/\/ipsen-academy.be\/fr\/","logo":{"@type":"ImageObject","inLanguage":"fr-FR","@id":"https:\/\/ipsen-academy.be\/fr\/#\/schema\/logo\/image\/","url":"https:\/\/ipsen-academy.be\/fr\/wp-content\/uploads\/sites\/11\/2025\/07\/Ipsen_academy-250305-2-3.png","contentUrl":"https:\/\/ipsen-academy.be\/fr\/wp-content\/uploads\/sites\/11\/2025\/07\/Ipsen_academy-250305-2-3.png","width":670,"height":100,"caption":"Academy"},"image":{"@id":"https:\/\/ipsen-academy.be\/fr\/#\/schema\/logo\/image\/"}}]}},"parsely":{"version":"1.1.0","canonical_url":"https:\/\/ipsen-academy.be\/fr\/acceder-a-ipsen-academy\/","smart_links":{"inbound":0,"outbound":0},"traffic_boost_suggestions_count":0,"meta":{"@context":"https:\/\/schema.org","@type":"WebPage","headline":"Acc\u00e9der \u00e0 Ipsen Academy","url":"http:\/\/ipsen-academy.be\/fr\/acceder-a-ipsen-academy\/","mainEntityOfPage":{"@type":"WebPage","@id":"http:\/\/ipsen-academy.be\/fr\/acceder-a-ipsen-academy\/"},"thumbnailUrl":"","image":{"@type":"ImageObject","url":""},"articleSection":"Oncologie","author":[{"@type":"Person","name":"ninecousin"}],"creator":["ninecousin"],"publisher":{"@type":"Organization","name":"Academy","logo":""},"keywords":[],"dateCreated":"2026-03-17T18:05:41Z","datePublished":"2026-03-17T18:05:41Z","dateModified":"2026-03-25T10:18:03Z"},"rendered":"<script type=\"application\/ld+json\" class=\"wp-parsely-metadata\">{\"@context\":\"https:\\\/\\\/schema.org\",\"@type\":\"WebPage\",\"headline\":\"Acc\\u00e9der \\u00e0 Ipsen Academy\",\"url\":\"http:\\\/\\\/ipsen-academy.be\\\/fr\\\/acceder-a-ipsen-academy\\\/\",\"mainEntityOfPage\":{\"@type\":\"WebPage\",\"@id\":\"http:\\\/\\\/ipsen-academy.be\\\/fr\\\/acceder-a-ipsen-academy\\\/\"},\"thumbnailUrl\":\"\",\"image\":{\"@type\":\"ImageObject\",\"url\":\"\"},\"articleSection\":\"Oncologie\",\"author\":[{\"@type\":\"Person\",\"name\":\"ninecousin\"}],\"creator\":[\"ninecousin\"],\"publisher\":{\"@type\":\"Organization\",\"name\":\"Academy\",\"logo\":\"\"},\"keywords\":[],\"dateCreated\":\"2026-03-17T18:05:41Z\",\"datePublished\":\"2026-03-17T18:05:41Z\",\"dateModified\":\"2026-03-25T10:18:03Z\"}<\/script>","tracker_url":"https:\/\/cdn.parsely.com\/keys\/ipsen-academy.be\/p.js"},"_links":{"self":[{"href":"https:\/\/ipsen-academy.be\/fr\/wp-json\/wp\/v2\/pages\/2240","targetHints":{"allow":["GET"]}}],"collection":[{"href":"https:\/\/ipsen-academy.be\/fr\/wp-json\/wp\/v2\/pages"}],"about":[{"href":"https:\/\/ipsen-academy.be\/fr\/wp-json\/wp\/v2\/types\/page"}],"author":[{"embeddable":true,"href":"https:\/\/ipsen-academy.be\/fr\/wp-json\/wp\/v2\/users\/912"}],"replies":[{"embeddable":true,"href":"https:\/\/ipsen-academy.be\/fr\/wp-json\/wp\/v2\/comments?post=2240"}],"version-history":[{"count":7,"href":"https:\/\/ipsen-academy.be\/fr\/wp-json\/wp\/v2\/pages\/2240\/revisions"}],"predecessor-version":[{"id":2325,"href":"https:\/\/ipsen-academy.be\/fr\/wp-json\/wp\/v2\/pages\/2240\/revisions\/2325"}],"wp:attachment":[{"href":"https:\/\/ipsen-academy.be\/fr\/wp-json\/wp\/v2\/media?parent=2240"}],"wp:term":[{"taxonomy":"ipsen-author","embeddable":true,"href":"https:\/\/ipsen-academy.be\/fr\/wp-json\/wp\/v2\/ipsen-author?post=2240"}],"curies":[{"name":"wp","href":"https:\/\/api.w.org\/{rel}","templated":true}]}}