{"id":1539,"date":"2025-12-04T12:25:56","date_gmt":"2025-12-04T12:25:56","guid":{"rendered":"https:\/\/ipsen-academy.be\/fr\/?page_id=1539"},"modified":"2026-02-05T13:54:40","modified_gmt":"2026-02-05T13:54:40","slug":"incontinence-urinaire-due-a-une-hyperactivite-neurogene-du-detrusor-ndo","status":"publish","type":"page","link":"https:\/\/ipsen-academy.be\/fr\/incontinence-urinaire-due-a-une-hyperactivite-neurogene-du-detrusor-ndo\/","title":{"rendered":"Incontinence urinaire due \u00e0 une hyperactivit\u00e9 neurog\u00e8ne du d\u00e9trusor (NDO)"},"content":{"rendered":"\n<section class=\"alignfull wp-block-ipsen-hero\">\n        <div class=\"wp-block-ipsen-hero__content\">\n        <div class=\"wp-block-ipsen-hero__content-inner\">\n            \n\n<div class=\"has-2-columns wp-block-ipsen-columns\">\n    \n\n<div class=\"wp-block-ipsen-wrapper\">\n    \n\n<h1 class=\"wp-block-heading\">Incontinence urinaire due \u00e0 une hyperactivit\u00e9 neurog\u00e8ne du d\u00e9trusor (NDO)<\/h1>\n\n\n\n<p class=\"is-style-lead-paragraph\"><\/p>\n\n<\/div>\n\n\n\n<div class=\"wp-block-ipsen-wrapper\">\n    <\/div>\n\n<\/div>\n\n        <\/div>\n    <\/div>\n<\/section>\n\n\n\n<div style=\"padding-top:var(--wp--preset--spacing--base);padding-bottom:var(--wp--preset--spacing--base);margin-top:var(--wp--preset--spacing--base);margin-bottom:var(--wp--preset--spacing--base);\" class=\"has-2-columns wp-block-ipsen-columns\">\n    \n\n<div class=\"wp-block-ipsen-wrapper\">\n    \n\n<h2 class=\"wp-block-heading\"><strong>Informations sur l\u2018incontinence urinaire due \u00e0 NDO<\/strong><\/h2>\n\n<\/div>\n\n\n\n<div class=\"wp-block-ipsen-wrapper\">\n    \n\n<p class=\"is-style-default has-sm-font-size\">La vessie neurog\u00e8ne est un dysfonctionnement provoqu\u00e9 par des l\u00e9sions neurologiques. Les sympt\u00f4mes peuvent comprendre une incontinence urinaire.<\/p>\n\n<\/div>\n\n<\/div>\n\n\n\n<hr class=\"wp-block-separator has-text-color has-secondary-color has-alpha-channel-opacity has-secondary-background-color has-background\"\/>\n\n\n\n<div class=\"has-2-columns wp-block-ipsen-columns\">\n    \n\n<div class=\"wp-block-ipsen-wrapper\">\n    \n\n<figure class=\"wp-block-ipsen-image\">\n    <div class=\"wp-block-ipsen-image__wrap\">\n        \n<picture>\n    <img src=\"https:\/\/ipsen-academy.be\/fr\/wp-content\/uploads\/sites\/11\/2025\/12\/Ipsen-preview-FR-700x540-1.png?w=700\" width=\"700\" height=\"540\" srcset=\"https:\/\/ipsen-academy.be\/fr\/wp-content\/uploads\/sites\/11\/2025\/12\/Ipsen-preview-FR-700x540-1.png 700w, https:\/\/ipsen-academy.be\/fr\/wp-content\/uploads\/sites\/11\/2025\/12\/Ipsen-preview-FR-700x540-1.png?resize=510,393 510w, https:\/\/ipsen-academy.be\/fr\/wp-content\/uploads\/sites\/11\/2025\/12\/Ipsen-preview-FR-700x540-1.png?resize=330,255 330w\" sizes=\"auto, (max-width: 700px) 100vw, 700px\" alt=\"\" decoding=\"async\" loading=\"lazy\" \/>\n<\/picture>\n            <\/div>\n    <\/figure>\n\n<\/div>\n\n\n\n<div class=\"wp-block-ipsen-wrapper\">\n    \n\n<p class=\"is-style-lead-paragraph\"><strong>Quelles nouveaut\u00e9s dans la prise en charge de l\u2019incontinence urinaire avec hyperactivit\u00e9 du d\u00e9trusor ?<\/strong><\/p>\n\n\n\n<p>D\u00e9couvrez les nouveaut\u00e9s dans la prise en charge de l\u2019incontinence urinaire avec hyperactivit\u00e9 du d\u00e9trusor dans les highlights du congr\u00e8s TOXINS 2024.<\/p>\n\n\n\n<div class=\"wp-block-buttons is-layout-flex wp-block-buttons-is-layout-flex\">\n<div class=\"wp-block-button is-style-accent\"><a class=\"wp-block-button__link wp-element-button\" href=\"https:\/\/ipsen-academy.be\/fr\/blog\/2025\/09\/30\/la-methode-gas-goal-attainment-scaling\/\">En savoir plus <svg xmlns=\"http:\/\/www.w3.org\/2000\/svg\" width=\"9\" height=\"16\" fill=\"none\" aria-hidden=\"true\"><path stroke=\"currentColor\" stroke-width=\"1.2\" d=\"m.426 15.125 7.35-7.35L.424.425\"\/><\/svg><\/a><\/div>\n<\/div>\n\n<\/div>\n\n<\/div>\n\n\n<section class=\"full-width alignfull is-style-light-gray wp-block-ipsen-section\">\n    <div class=\"wp-block-ipsen-section__content\">\n        \n\n<h2 class=\"wp-block-heading\">Mat\u00e9riaux et Pr\u00e9sentations<\/h2>\n\n\n\n<div class=\"wp-block-ipsen-query-loop\" data-wp-interactive=\"ipsen\/query-loop\" data-wp-context=\"{&quot;selectedOptions&quot;:[]}\" data-wp-init=\"callbacks.addAnimation\">\n        <div class=\"wp-block-ipsen-query-loop__cards\">\n                    <div class=\"wp-block-ipsen-query-loop__card\" data-filter-options=\"incontinence-urinaire-due-a-une-hyperactivite-neurogene-du-detrusor-ndo neurosciences videos-pdfs-podcasts\" data-wp-bind--hidden=\"state.isCardHidden\">\n    <div style=\"--block--post-card--header-overlay--background:#c84874\" class=\"--simplified-post-card wp-block-ipsen-post-card\" data-post-terms=\"Incontinence urinaire due \u00e0 une hyperactivit\u00e9 neurog\u00e8ne du d\u00e9trusor (NDO), Neurosciences, Videos, PDFs &amp; Podcasts\">\n    <div class=\"wp-block-ipsen-post-card__container\">\n    <div class=\"wp-block-ipsen-post-card__header\">\n            <div class=\"wp-block-ipsen-post-card__featured-image\">\n        \n<figure class=\"wp-block-ipsen-image\">\n    <div class=\"wp-block-ipsen-image__wrap\">\n        \n<picture>\n    <img src=\"https:\/\/ipsen-academy.be\/fr\/wp-content\/uploads\/sites\/11\/2025\/11\/academy-background-default.jpeg?w=1050&#038;h=591&#038;crop=1\" width=\"1050\" height=\"591\" srcset=\"https:\/\/ipsen-academy.be\/fr\/wp-content\/uploads\/sites\/11\/2025\/11\/academy-background-default.jpeg?resize=1050,591 1050w, https:\/\/ipsen-academy.be\/fr\/wp-content\/uploads\/sites\/11\/2025\/11\/academy-background-default.jpeg?resize=510,287 510w, https:\/\/ipsen-academy.be\/fr\/wp-content\/uploads\/sites\/11\/2025\/11\/academy-background-default.jpeg?resize=330,186 330w\" sizes=\"auto, (max-width: 1050px) 100vw, 1050px\" alt=\"\" decoding=\"async\" loading=\"lazy\" \/>\n<\/picture>\n            <\/div>\n    <\/figure>\n    <\/div>\n        <div class=\"wp-block-ipsen-post-card__content\">\n                <p>avril 17, 2024<\/p>\n            <h2 class=\"wp-block-ipsen-post-card__title\">\n    Quelles nouveaut\u00e9s dans la prise en charge de l\u2019incontinence urinaire avec hyperactivit\u00e9 du d\u00e9trusor ?<\/h2>        <\/div>\n    <\/div>\n\n    <ul class=\"wp-block-ipsen-post-card__meta\">\n                    <li>Incontinence urinaire due \u00e0 une hyperactivit\u00e9 neurog\u00e8ne du d\u00e9trusor (NDO), Neurosciences, Videos, PDFs &amp; Podcasts<\/li>\n            <\/ul>\n\n    <div class=\"wp-block-ipsen-post-card__cta\">\n    <div class=\"wp-block-buttons is-layout-flex wp-block-buttons-is-layout-flex\">\n        <div class=\"wp-block-button is-style-secondary\">\n            <a class=\"wp-block-button__link wp-element-button\" aria-label=\"View posts in Quelles nouveaut\u00e9s dans la prise en charge de l\u2019incontinence urinaire avec hyperactivit\u00e9 du d\u00e9trusor ?\" href=\"https:\/\/ipsen-academy.be\/fr\/blog\/2024\/04\/17\/quelles-nouveautes-dans-la-prise-en-charge-de-lincontinence-urinaire-avec-hyperactivite-du-detrusor\/\">\n                En savoir plus                <svg xmlns=\"http:\/\/www.w3.org\/2000\/svg\" width=\"9\" height=\"16\" fill=\"none\" aria-hidden=\"true\"><path stroke=\"currentColor\" stroke-width=\"1.2\" d=\"m.426 15.125 7.35-7.35L.424.425\" \/><\/svg>            <\/a>\n        <\/div>\n    <\/div>\n<\/div><\/div>\n<\/div>\n<\/div>\n            <\/div>\n<\/div>\n\n    <\/div>\n<\/section>\n\n\n\n<section class=\"full-width alignfull wp-block-ipsen-section\">\n    <div class=\"wp-block-ipsen-section__content\">\n        \n\n<div class=\"has-2-columns wp-block-ipsen-columns\">\n    \n\n<div class=\"wp-block-ipsen-wrapper\">\n    \n\n<div class=\"has-2-columns wp-block-ipsen-columns\">\n    \n\n<div class=\"wp-block-ipsen-wrapper\">\n    \n\n<figure class=\"wp-block-ipsen-image\">\n    <div class=\"wp-block-ipsen-image__wrap\">\n        \n<picture>\n    <img src=\"https:\/\/ipsen-academy.be\/fr\/wp-content\/uploads\/sites\/11\/2025\/10\/gettyimages-1059134930-170667a.png?w=160\" width=\"160\" height=\"342\" srcset=\"\" sizes=\"auto, (max-width: 160px) 100vw, 160px\" alt=\"\" decoding=\"async\" loading=\"lazy\" \/>\n<\/picture>\n            <\/div>\n    <\/figure>\n\n<\/div>\n\n\n\n<div class=\"wp-block-ipsen-wrapper\">\n    \n\n<p class=\"is-style-lead-paragraph\">Rencontrez-nous&nbsp;<\/p>\n\n\n\n<p>Vous souhaitez nous poser une question sur une de nos indications ? Rencontrez un membre de notre \u00e9quipe m\u00e9dicale, il sera l\u00e0 pour y r\u00e9pondre.<\/p>\n\n\n\n<div class=\"wp-block-buttons is-layout-flex wp-block-buttons-is-layout-flex\">\n<div class=\"wp-block-button is-style-primary\"><a class=\"wp-block-button__link wp-element-button\" href=\"https:\/\/ipsen-academy.be\/fr\/contactez-nous\/\">Prenez rendez-vous <svg xmlns=\"http:\/\/www.w3.org\/2000\/svg\" width=\"9\" height=\"16\" fill=\"none\" aria-hidden=\"true\"><path stroke=\"currentColor\" stroke-width=\"1.2\" d=\"m.426 15.125 7.35-7.35L.424.425\"\/><\/svg><\/a><\/div>\n<\/div>\n\n<\/div>\n\n<\/div>\n\n<\/div>\n\n\n\n<div class=\"wp-block-ipsen-wrapper\">\n    \n\n<div class=\"has-2-columns wp-block-ipsen-columns\">\n    \n\n<div class=\"wp-block-ipsen-wrapper\">\n    \n\n<figure class=\"wp-block-ipsen-image\">\n    <div class=\"wp-block-ipsen-image__wrap\">\n        \n<picture>\n    <img src=\"https:\/\/ipsen-academy.be\/fr\/wp-content\/uploads\/sites\/11\/2025\/10\/gettyimages-1059134930-170667a-1-1.png?w=160\" width=\"160\" height=\"342\" srcset=\"\" sizes=\"auto, (max-width: 160px) 100vw, 160px\" alt=\"\" decoding=\"async\" loading=\"lazy\" \/>\n<\/picture>\n            <\/div>\n    <\/figure>\n\n<\/div>\n\n\n\n<div class=\"wp-block-ipsen-wrapper\">\n    \n\n<p class=\"is-style-lead-paragraph\">Demander des informations&nbsp;<\/p>\n\n\n\n<p>Vous souhaitez nous poser une question ? Notre \u00e9quipe est l\u00e0 pour y r\u00e9pondre, et ce dans les meilleurs d\u00e9lais.<\/p>\n\n\n\n<div class=\"wp-block-buttons is-layout-flex wp-block-buttons-is-layout-flex\">\n<div class=\"wp-block-button is-style-primary\"><a class=\"wp-block-button__link wp-element-button\" href=\"https:\/\/ipsen-academy.be\/fr\/contactez-nous\/\">Contactez-nous <svg xmlns=\"http:\/\/www.w3.org\/2000\/svg\" width=\"9\" height=\"16\" fill=\"none\" aria-hidden=\"true\"><path stroke=\"currentColor\" stroke-width=\"1.2\" d=\"m.426 15.125 7.35-7.35L.424.425\"\/><\/svg><\/a><\/div>\n<\/div>\n\n<\/div>\n\n<\/div>\n\n<\/div>\n\n<\/div>\n\n    <\/div>\n<\/section>\n\n","protected":false},"excerpt":{"rendered":"","protected":false},"author":11,"featured_media":0,"parent":0,"menu_order":0,"comment_status":"closed","ping_status":"closed","template":"template-no-title","meta":{"_user_content_segmentation__post_segment_selection":[],"ipsen-approval-number":"","ipsen-post-related":[],"ipsen-off-label-enabled":false,"ipsen-off-label-message":"","editor_notices":[],"_ifac_restricted":false,"footnotes":""},"ipsen-author":[],"class_list":["post-1539","page","type-page","status-publish","hentry"],"yoast_head":"<!-- This site is optimized with the Yoast SEO plugin v26.9 - https:\/\/yoast.com\/product\/yoast-seo-wordpress\/ -->\n<title>Incontinence urinaire due \u00e0 une hyperactivit\u00e9 neurog\u00e8ne du d\u00e9trusor (NDO) - Academy<\/title>\n<meta name=\"robots\" content=\"index, follow, max-snippet:-1, max-image-preview:large, max-video-preview:-1\" \/>\n<link rel=\"canonical\" href=\"https:\/\/ipsen-academy.be\/fr\/incontinence-urinaire-due-a-une-hyperactivite-neurogene-du-detrusor-ndo\/\" \/>\n<meta property=\"og:locale\" content=\"fr_FR\" \/>\n<meta property=\"og:type\" content=\"article\" \/>\n<meta property=\"og:title\" content=\"Incontinence urinaire due \u00e0 une hyperactivit\u00e9 neurog\u00e8ne du d\u00e9trusor (NDO) - Academy\" \/>\n<meta property=\"og:url\" content=\"https:\/\/ipsen-academy.be\/fr\/incontinence-urinaire-due-a-une-hyperactivite-neurogene-du-detrusor-ndo\/\" \/>\n<meta property=\"og:site_name\" content=\"Academy\" \/>\n<meta property=\"article:modified_time\" content=\"2026-02-05T13:54:40+00:00\" \/>\n<meta name=\"twitter:card\" content=\"summary_large_image\" \/>\n<meta name=\"twitter:label1\" content=\"Dur\u00e9e de lecture estim\u00e9e\" \/>\n\t<meta name=\"twitter:data1\" content=\"1 minute\" \/>\n<script type=\"application\/ld+json\" class=\"yoast-schema-graph\">{\"@context\":\"https:\/\/schema.org\",\"@graph\":[{\"@type\":\"WebPage\",\"@id\":\"https:\/\/ipsen-academy.be\/fr\/incontinence-urinaire-due-a-une-hyperactivite-neurogene-du-detrusor-ndo\/\",\"url\":\"https:\/\/ipsen-academy.be\/fr\/incontinence-urinaire-due-a-une-hyperactivite-neurogene-du-detrusor-ndo\/\",\"name\":\"Incontinence urinaire due \u00e0 une hyperactivit\u00e9 neurog\u00e8ne du d\u00e9trusor (NDO) - Academy\",\"isPartOf\":{\"@id\":\"https:\/\/ipsen-academy.be\/fr\/#website\"},\"datePublished\":\"2025-12-04T12:25:56+00:00\",\"dateModified\":\"2026-02-05T13:54:40+00:00\",\"breadcrumb\":{\"@id\":\"https:\/\/ipsen-academy.be\/fr\/incontinence-urinaire-due-a-une-hyperactivite-neurogene-du-detrusor-ndo\/#breadcrumb\"},\"inLanguage\":\"fr-FR\",\"potentialAction\":[{\"@type\":\"ReadAction\",\"target\":[\"https:\/\/ipsen-academy.be\/fr\/incontinence-urinaire-due-a-une-hyperactivite-neurogene-du-detrusor-ndo\/\"]}]},{\"@type\":\"BreadcrumbList\",\"@id\":\"https:\/\/ipsen-academy.be\/fr\/incontinence-urinaire-due-a-une-hyperactivite-neurogene-du-detrusor-ndo\/#breadcrumb\",\"itemListElement\":[{\"@type\":\"ListItem\",\"position\":1,\"name\":\"Home\",\"item\":\"https:\/\/ipsen-academy.be\/fr\/\"},{\"@type\":\"ListItem\",\"position\":2,\"name\":\"Incontinence urinaire due \u00e0 une hyperactivit\u00e9 neurog\u00e8ne du d\u00e9trusor (NDO)\"}]},{\"@type\":\"WebSite\",\"@id\":\"https:\/\/ipsen-academy.be\/fr\/#website\",\"url\":\"https:\/\/ipsen-academy.be\/fr\/\",\"name\":\"Academy\",\"description\":\"\",\"publisher\":{\"@id\":\"https:\/\/ipsen-academy.be\/fr\/#organization\"},\"potentialAction\":[{\"@type\":\"SearchAction\",\"target\":{\"@type\":\"EntryPoint\",\"urlTemplate\":\"https:\/\/ipsen-academy.be\/fr\/?s={search_term_string}\"},\"query-input\":{\"@type\":\"PropertyValueSpecification\",\"valueRequired\":true,\"valueName\":\"search_term_string\"}}],\"inLanguage\":\"fr-FR\"},{\"@type\":\"Organization\",\"@id\":\"https:\/\/ipsen-academy.be\/fr\/#organization\",\"name\":\"Academy\",\"url\":\"https:\/\/ipsen-academy.be\/fr\/\",\"logo\":{\"@type\":\"ImageObject\",\"inLanguage\":\"fr-FR\",\"@id\":\"https:\/\/ipsen-academy.be\/fr\/#\/schema\/logo\/image\/\",\"url\":\"https:\/\/ipsen-academy.be\/fr\/wp-content\/uploads\/sites\/11\/2025\/07\/Ipsen_academy-250305-2-3.png\",\"contentUrl\":\"https:\/\/ipsen-academy.be\/fr\/wp-content\/uploads\/sites\/11\/2025\/07\/Ipsen_academy-250305-2-3.png\",\"width\":670,\"height\":100,\"caption\":\"Academy\"},\"image\":{\"@id\":\"https:\/\/ipsen-academy.be\/fr\/#\/schema\/logo\/image\/\"}}]}<\/script>\n<!-- \/ Yoast SEO plugin. -->","yoast_head_json":{"title":"Incontinence urinaire due \u00e0 une hyperactivit\u00e9 neurog\u00e8ne du d\u00e9trusor (NDO) - Academy","robots":{"index":"index","follow":"follow","max-snippet":"max-snippet:-1","max-image-preview":"max-image-preview:large","max-video-preview":"max-video-preview:-1"},"canonical":"https:\/\/ipsen-academy.be\/fr\/incontinence-urinaire-due-a-une-hyperactivite-neurogene-du-detrusor-ndo\/","og_locale":"fr_FR","og_type":"article","og_title":"Incontinence urinaire due \u00e0 une hyperactivit\u00e9 neurog\u00e8ne du d\u00e9trusor (NDO) - Academy","og_url":"https:\/\/ipsen-academy.be\/fr\/incontinence-urinaire-due-a-une-hyperactivite-neurogene-du-detrusor-ndo\/","og_site_name":"Academy","article_modified_time":"2026-02-05T13:54:40+00:00","twitter_card":"summary_large_image","twitter_misc":{"Dur\u00e9e de lecture estim\u00e9e":"1 minute"},"schema":{"@context":"https:\/\/schema.org","@graph":[{"@type":"WebPage","@id":"https:\/\/ipsen-academy.be\/fr\/incontinence-urinaire-due-a-une-hyperactivite-neurogene-du-detrusor-ndo\/","url":"https:\/\/ipsen-academy.be\/fr\/incontinence-urinaire-due-a-une-hyperactivite-neurogene-du-detrusor-ndo\/","name":"Incontinence urinaire due \u00e0 une hyperactivit\u00e9 neurog\u00e8ne du d\u00e9trusor (NDO) - Academy","isPartOf":{"@id":"https:\/\/ipsen-academy.be\/fr\/#website"},"datePublished":"2025-12-04T12:25:56+00:00","dateModified":"2026-02-05T13:54:40+00:00","breadcrumb":{"@id":"https:\/\/ipsen-academy.be\/fr\/incontinence-urinaire-due-a-une-hyperactivite-neurogene-du-detrusor-ndo\/#breadcrumb"},"inLanguage":"fr-FR","potentialAction":[{"@type":"ReadAction","target":["https:\/\/ipsen-academy.be\/fr\/incontinence-urinaire-due-a-une-hyperactivite-neurogene-du-detrusor-ndo\/"]}]},{"@type":"BreadcrumbList","@id":"https:\/\/ipsen-academy.be\/fr\/incontinence-urinaire-due-a-une-hyperactivite-neurogene-du-detrusor-ndo\/#breadcrumb","itemListElement":[{"@type":"ListItem","position":1,"name":"Home","item":"https:\/\/ipsen-academy.be\/fr\/"},{"@type":"ListItem","position":2,"name":"Incontinence urinaire due \u00e0 une hyperactivit\u00e9 neurog\u00e8ne du d\u00e9trusor (NDO)"}]},{"@type":"WebSite","@id":"https:\/\/ipsen-academy.be\/fr\/#website","url":"https:\/\/ipsen-academy.be\/fr\/","name":"Academy","description":"","publisher":{"@id":"https:\/\/ipsen-academy.be\/fr\/#organization"},"potentialAction":[{"@type":"SearchAction","target":{"@type":"EntryPoint","urlTemplate":"https:\/\/ipsen-academy.be\/fr\/?s={search_term_string}"},"query-input":{"@type":"PropertyValueSpecification","valueRequired":true,"valueName":"search_term_string"}}],"inLanguage":"fr-FR"},{"@type":"Organization","@id":"https:\/\/ipsen-academy.be\/fr\/#organization","name":"Academy","url":"https:\/\/ipsen-academy.be\/fr\/","logo":{"@type":"ImageObject","inLanguage":"fr-FR","@id":"https:\/\/ipsen-academy.be\/fr\/#\/schema\/logo\/image\/","url":"https:\/\/ipsen-academy.be\/fr\/wp-content\/uploads\/sites\/11\/2025\/07\/Ipsen_academy-250305-2-3.png","contentUrl":"https:\/\/ipsen-academy.be\/fr\/wp-content\/uploads\/sites\/11\/2025\/07\/Ipsen_academy-250305-2-3.png","width":670,"height":100,"caption":"Academy"},"image":{"@id":"https:\/\/ipsen-academy.be\/fr\/#\/schema\/logo\/image\/"}}]}},"parsely":{"version":"1.1.0","canonical_url":"https:\/\/ipsen-academy.be\/fr\/incontinence-urinaire-due-a-une-hyperactivite-neurogene-du-detrusor-ndo\/","smart_links":{"inbound":0,"outbound":0},"traffic_boost_suggestions_count":0,"meta":{"@context":"https:\/\/schema.org","@type":"WebPage","headline":"Incontinence urinaire due \u00e0 une hyperactivit\u00e9 neurog\u00e8ne du d\u00e9trusor (NDO)","url":"http:\/\/ipsen-academy.be\/fr\/incontinence-urinaire-due-a-une-hyperactivite-neurogene-du-detrusor-ndo\/","mainEntityOfPage":{"@type":"WebPage","@id":"http:\/\/ipsen-academy.be\/fr\/incontinence-urinaire-due-a-une-hyperactivite-neurogene-du-detrusor-ndo\/"},"thumbnailUrl":"","image":{"@type":"ImageObject","url":""},"articleSection":"Oncologie","author":[{"@type":"Person","name":"femvula"}],"creator":["femvula"],"publisher":{"@type":"Organization","name":"Academy","logo":""},"keywords":[],"dateCreated":"2025-12-04T12:25:56Z","datePublished":"2025-12-04T12:25:56Z","dateModified":"2026-02-05T13:54:40Z"},"rendered":"<script type=\"application\/ld+json\" class=\"wp-parsely-metadata\">{\"@context\":\"https:\\\/\\\/schema.org\",\"@type\":\"WebPage\",\"headline\":\"Incontinence urinaire due \\u00e0 une hyperactivit\\u00e9 neurog\\u00e8ne du d\\u00e9trusor (NDO)\",\"url\":\"http:\\\/\\\/ipsen-academy.be\\\/fr\\\/incontinence-urinaire-due-a-une-hyperactivite-neurogene-du-detrusor-ndo\\\/\",\"mainEntityOfPage\":{\"@type\":\"WebPage\",\"@id\":\"http:\\\/\\\/ipsen-academy.be\\\/fr\\\/incontinence-urinaire-due-a-une-hyperactivite-neurogene-du-detrusor-ndo\\\/\"},\"thumbnailUrl\":\"\",\"image\":{\"@type\":\"ImageObject\",\"url\":\"\"},\"articleSection\":\"Oncologie\",\"author\":[{\"@type\":\"Person\",\"name\":\"femvula\"}],\"creator\":[\"femvula\"],\"publisher\":{\"@type\":\"Organization\",\"name\":\"Academy\",\"logo\":\"\"},\"keywords\":[],\"dateCreated\":\"2025-12-04T12:25:56Z\",\"datePublished\":\"2025-12-04T12:25:56Z\",\"dateModified\":\"2026-02-05T13:54:40Z\"}<\/script>","tracker_url":"https:\/\/cdn.parsely.com\/keys\/ipsen-academy.be\/p.js"},"_links":{"self":[{"href":"https:\/\/ipsen-academy.be\/fr\/wp-json\/wp\/v2\/pages\/1539","targetHints":{"allow":["GET"]}}],"collection":[{"href":"https:\/\/ipsen-academy.be\/fr\/wp-json\/wp\/v2\/pages"}],"about":[{"href":"https:\/\/ipsen-academy.be\/fr\/wp-json\/wp\/v2\/types\/page"}],"author":[{"embeddable":true,"href":"https:\/\/ipsen-academy.be\/fr\/wp-json\/wp\/v2\/users\/11"}],"replies":[{"embeddable":true,"href":"https:\/\/ipsen-academy.be\/fr\/wp-json\/wp\/v2\/comments?post=1539"}],"version-history":[{"count":7,"href":"https:\/\/ipsen-academy.be\/fr\/wp-json\/wp\/v2\/pages\/1539\/revisions"}],"predecessor-version":[{"id":1862,"href":"https:\/\/ipsen-academy.be\/fr\/wp-json\/wp\/v2\/pages\/1539\/revisions\/1862"}],"wp:attachment":[{"href":"https:\/\/ipsen-academy.be\/fr\/wp-json\/wp\/v2\/media?parent=1539"}],"wp:term":[{"taxonomy":"ipsen-author","embeddable":true,"href":"https:\/\/ipsen-academy.be\/fr\/wp-json\/wp\/v2\/ipsen-author?post=1539"}],"curies":[{"name":"wp","href":"https:\/\/api.w.org\/{rel}","templated":true}]}}